{"id":105,"date":"2019-03-15T18:21:39","date_gmt":"2019-03-15T17:21:39","guid":{"rendered":"http:\/\/zspolczyn.ovh\/?page_id=105"},"modified":"2025-10-01T22:44:55","modified_gmt":"2025-10-01T20:44:55","slug":"pedagog","status":"publish","type":"page","link":"https:\/\/zspolczyn.edu.pl\/?page_id=105","title":{"rendered":"Pedagog szkolny\/pedagog specjalny"},"content":{"rendered":"\n<p class=\"has-text-align-center\"><strong>PEDAGOG SZKOLNY<\/strong><\/p>\n\n\n\n<p class=\"has-text-align-center\">mgr Marzena Kalinowska<\/p>\n\n\n\n<p class=\"has-text-align-center\">Godziny pracy w roku szkolnym 2025\/2026<\/p>\n\n\n\n<figure class=\"wp-block-table\"><table><tbody><tr><td><strong>Poniedzia\u0142ek<\/strong> &nbsp;<\/td><td><strong>10-15<\/strong><br>15.05-15.50 &nbsp;<strong> <\/strong>zaj\u0119cia w ramach ppp <\/td><\/tr><tr><td><strong>Wtorek<\/strong> &nbsp;<\/td><td><strong>10-14<\/strong><br>14.15-15.00 zaj\u0119cia w ramach ppp<\/td><\/tr><tr><td><strong>\u015aroda<\/strong> &nbsp;<\/td><td><strong>9 -13<\/strong><\/td><\/tr><tr><td><strong>Czwartek<\/strong> <strong>&nbsp;<\/strong><\/td><td><strong>9 -14<\/strong><\/td><\/tr><tr><td><strong>Pi\u0105tek<\/strong><\/td><td><strong>8 -12<\/strong><\/td><\/tr><\/tbody><\/table><\/figure>\n\n\n\n<div class=\"wp-block-columns is-layout-flex wp-container-core-columns-is-layout-9d6595d7 wp-block-columns-is-layout-flex\">\n<div class=\"wp-block-column is-layout-flow wp-block-column-is-layout-flow\" style=\"flex-basis:100%\">\n<p class=\"has-text-align-center\"><strong>PEDAGOG SPECJALNY<\/strong><\/p>\n\n\n\n<p class=\"has-text-align-center\">mgr Ludmi\u0142a Gugulska<\/p>\n\n\n\n<p class=\"has-text-align-center\">Godziny pracy w  roku szkolnym 2025\/2026<\/p>\n\n\n\n<figure class=\"wp-block-table\"><table><tbody><tr><td><strong>Poniedzia\u0142ek<\/strong> &nbsp;<\/td><td><strong>8-12<\/strong><br>8-8:50 &#8211; rewalidacja<br>10:50-11:40 &#8211; rewalidacja<\/td><\/tr><tr><td><strong>Wtorek<\/strong> &nbsp;<\/td><td><strong>8-14<\/strong>.<strong>10<\/strong><br>8:45- 9:35 &#8211; rewalidacja<br>12:35- 13:25- rewalidacja<br>13:25- 14:10 &#8211; rewalidacja<\/td><\/tr><tr><td><strong>\u015aroda<\/strong> &nbsp;<\/td><td><strong>8 -15<\/strong><br>8-8:50 &#8211; rewalidacja<br>8:50 -9:40 &#8211; rewalidacja<br>9:45- 10:35 &#8211; rewalidacja<br>11:40 \u2013 12:30 &#8211; rewalidacja<br>12:35-13:25 &#8211; rewalidacja<br>13:25- 14:10 &#8211; rewalidacja<br>14:10- 15 &#8211; rewalidacja<\/td><\/tr><tr><td><strong>Czwartek<\/strong> <strong>&nbsp;<\/strong><\/td><td><strong>8-12<\/strong><\/td><\/tr><tr><td><strong>Pi\u0105tek<\/strong><\/td><td><strong>8 -11<\/strong><\/td><\/tr><\/tbody><\/table><\/figure>\n\n\n\n<p class=\"has-text-align-center\"><\/p>\n<\/div>\n<\/div>\n\n\n\n<div class=\"wp-block-columns is-layout-flex wp-container-core-columns-is-layout-9d6595d7 wp-block-columns-is-layout-flex\">\n<div class=\"wp-block-column is-layout-flow wp-block-column-is-layout-flow\" style=\"flex-basis:100%\">\n<p><\/p>\n<\/div>\n<\/div>\n\n\n\n<div class=\"wp-block-group\"><div class=\"wp-block-group__inner-container is-layout-flow wp-block-group-is-layout-flow\">\n<div class=\"wp-block-file\"><a id=\"wp-block-file--media-a5b2150a-fdeb-4bfd-877e-a908da5d8332\" href=\"http:\/\/zspolczyn.edu.pl\/wp-content\/uploads\/2020\/06\/skuteczna-profilaktyka-uzaleznien-behawioralnych.pdf\">Skuteczna profilaktyka uzale\u017cnie\u0144 behawioralnych<\/a><a href=\"http:\/\/zspolczyn.edu.pl\/wp-content\/uploads\/2020\/06\/skuteczna-profilaktyka-uzaleznien-behawioralnych.pdf\" class=\"wp-block-file__button wp-element-button\" download aria-describedby=\"wp-block-file--media-a5b2150a-fdeb-4bfd-877e-a908da5d8332\">Pobierz<\/a><\/div>\n\n\n\n<div class=\"wp-block-file\"><a id=\"wp-block-file--media-609df362-b579-488b-93f2-6a7e1ae082f0\" href=\"http:\/\/zspolczyn.edu.pl\/wp-content\/uploads\/2020\/06\/zaburzenia-odzywiania-si-problem-wspolczesnej-modziezy.pdf\">Zaburzenia od\u017cywiania  &#8211; problem wsp\u00f3\u0142czesnej m\u0142odzie\u017cy<\/a><a href=\"http:\/\/zspolczyn.edu.pl\/wp-content\/uploads\/2020\/06\/zaburzenia-odzywiania-si-problem-wspolczesnej-modziezy.pdf\" class=\"wp-block-file__button wp-element-button\" download aria-describedby=\"wp-block-file--media-609df362-b579-488b-93f2-6a7e1ae082f0\">Pobierz<\/a><\/div>\n\n\n\n<div class=\"wp-block-file\"><a id=\"wp-block-file--media-ecca5cda-5414-4bec-9376-336115f07861\" href=\"http:\/\/zspolczyn.edu.pl\/wp-content\/uploads\/2020\/06\/procedura-niebieskiej-karty-informator-nik.pdf\">Procedura Niebieskiej karty  <\/a><a href=\"http:\/\/zspolczyn.edu.pl\/wp-content\/uploads\/2020\/06\/procedura-niebieskiej-karty-informator-nik.pdf\" class=\"wp-block-file__button wp-element-button\" download aria-describedby=\"wp-block-file--media-ecca5cda-5414-4bec-9376-336115f07861\">Pobierz<\/a><\/div>\n\n\n\n<div class=\"wp-block-file\"><a id=\"wp-block-file--media-defb8578-6be0-4151-bfba-e337e341a19a\" href=\"http:\/\/zspolczyn.edu.pl\/wp-content\/uploads\/2020\/06\/k_fenik_psycholg_aspekty_bullyingu.pdf\">Aspekty bullyingu<\/a><a href=\"http:\/\/zspolczyn.edu.pl\/wp-content\/uploads\/2020\/06\/k_fenik_psycholg_aspekty_bullyingu.pdf\" class=\"wp-block-file__button wp-element-button\" download aria-describedby=\"wp-block-file--media-defb8578-6be0-4151-bfba-e337e341a19a\">Pobierz<\/a><\/div>\n<\/div><\/div>\n\n\n\n<div class=\"wp-block-file\"><a id=\"wp-block-file--media-89140fe8-e686-4042-9145-9168fb8b1bcf\" href=\"http:\/\/zspolczyn.edu.pl\/wp-content\/uploads\/2020\/06\/profilaktyka-depresji-i-samobojstw-poradnik-dla-nauczycieli-i-rodzicow-2.pdf\">Profilaktyka depresji i samob\u00f3jstw dzieci i m\u0142odzie\u017cy-poradnik dla nauczycieli i rodzic\u00f3w<\/a><a href=\"http:\/\/zspolczyn.edu.pl\/wp-content\/uploads\/2020\/06\/profilaktyka-depresji-i-samobojstw-poradnik-dla-nauczycieli-i-rodzicow-2.pdf\" class=\"wp-block-file__button wp-element-button\" download aria-describedby=\"wp-block-file--media-89140fe8-e686-4042-9145-9168fb8b1bcf\">Pobierz<\/a><\/div>\n\n\n<p><span style=\"color: #c92e2e;\"><strong>PRZYDATNE STRONY WWW:<\/strong><\/span><\/p>\n<p><a href=\"http:\/\/www.brpd.gov.pl\/\" target=\"_blank\" rel=\"noreferrer noopener\">www.brpd.gov.pl<\/a><\/p>\n<p><a href=\"http:\/\/www.niebieskalinia.pl\/\" target=\"_blank\" rel=\"noreferrer noopener\">www.niebieskalinia.pl<\/a><\/p>\n<p><a href=\"http:\/\/www.narkomania.gov.pl\/\" target=\"_blank\" rel=\"noreferrer noopener\">www.narkomania.gov.pl<\/a><\/p>\n<p><a href=\"http:\/\/www.parpa.pl\/\" target=\"_blank\" rel=\"noreferrer noopener\">www.parpa.pl<\/a><\/p>\n<p><a href=\"http:\/\/www.interwencjakryzysowa.pl\/\" target=\"_blank\" rel=\"noreferrer noopener\">www.interwencjakryzysowa.pl<\/a><\/p>\n<p><a href=\"http:\/\/www.dopalaczeinfo.pl\/\" target=\"_blank\" rel=\"noreferrer noopener\">www.dopalaczeinfo.pl<\/a><\/p>\n<p><a href=\"http:\/\/www.narkomania.org.pl\/\">www.narkomania.org.pl<\/a><\/p>\n<p><a href=\"http:\/\/www.fdn.pl\/\">www.fdn.pl<\/a><\/p>\n<h2><span style=\"color: #ff0000;\">Ca\u0142odobowa, bezp\u0142atna, og\u00f3lnopolska infolinia dla dzieci i rodzic\u00f3w 800 800 605<\/span><\/h2>\n<p style=\"text-align: center;\"><strong><span style=\"color: #d12121;\">&#8211; POMOC &#8211;<\/span><\/strong><\/p>\n<p style=\"text-align: center;\"><strong><span style=\"color: #d12121;\">INSTYTUCJE UDZIELAJ\u0104CE POMOCY DZIECIOM, M\u0141ODZIE\u017bY I RODZINOM<\/span><\/strong><\/p>\n<table>\n<tbody>\n<tr>\n<td width=\"534\">\n<p>Poradnia Psychologiczno-Pedagogiczna w Po\u0142czynie-Zdroju<\/p>\n<\/td>\n<td width=\"173\">\n<p><strong>533&nbsp;556&nbsp;605<\/strong><\/p>\n<\/td>\n<\/tr>\n<tr>\n<td width=\"534\">\n<p>Towarzystwo Przyjaci\u00f3\u0142 Dzieci<\/p>\n<\/td>\n<td width=\"173\">\n<p><strong>94&nbsp; 36 63 937<\/strong><\/p>\n<\/td>\n<\/tr>\n<tr>\n<td width=\"534\">\n<p>Powiatowe Centrum Pomocy Rodzinie<\/p>\n<\/td>\n<td width=\"173\">\n<p><strong>94 36-62-069<\/strong><\/p>\n<\/td>\n<\/tr>\n<tr>\n<td width=\"534\">\n<p>Miejsko-Gminny O\u015brodek Pomocy Spo\u0142ecznej w&nbsp;Po\u0142czynie-Zdroju&nbsp;<\/p>\n<\/td>\n<td width=\"173\">\n<p><strong>94 36 66&nbsp;231<\/strong><\/p>\n<\/td>\n<\/tr>\n<tr>\n<td width=\"534\">\n<p>Komisariat Policji w Po\u0142czynie-Zdroju<\/p>\n<\/td>\n<td width=\"173\">\n<p><strong>94 38 21&nbsp;205&nbsp;<\/strong><\/p>\n<\/td>\n<\/tr>\n<tr>\n<td width=\"534\">\n<p><strong>Telefon dla rodzic\u00f3w i nauczycieli w sprawie bezpiecze\u0144stwa dzieci<\/strong><\/p>\n<\/td>\n<td width=\"173\">\n<p><strong>800&nbsp;100 100<\/strong><\/p>\n<\/td>\n<\/tr>\n<tr>\n<td colspan=\"2\" width=\"707\">\n<p style=\"text-align: center;\"><strong><span style=\"color: #d12121;\">POMOC W KRYZYSIE PSYCHICZNYM<\/span><\/strong><\/p>\n<\/td>\n<\/tr>\n<tr>\n<td width=\"534\">\n<p>Telefon zaufania dla dzieci i&nbsp;m\u0142odzie\u017cy<\/p>\n<\/td>\n<td width=\"173\">\n<p><strong>116&nbsp;111<\/strong><\/p>\n<\/td>\n<\/tr>\n<tr>\n<td width=\"534\">\n<p>Kryzysowy Telefon Zaufania<\/p>\n<\/td>\n<td width=\"173\">\n<p><strong>116&nbsp;123<\/strong><\/p>\n<\/td>\n<\/tr>\n<tr>\n<td width=\"534\">\n<p>Dzieci\u0119cy Telefon Zaufania Rzecznika Praw Dziecka<\/p>\n<\/td>\n<td width=\"173\">\n<p><strong>800 12 12 12<\/strong><\/p>\n<\/td>\n<\/tr>\n<tr>\n<td width=\"534\">\n<p><strong>Antydepresyjny Telefon<\/strong> &nbsp;Forum Przeciw Depresji<\/p>\n<\/td>\n<td width=\"173\">\n<p><strong>22 594 91 00<\/strong><\/p>\n<\/td>\n<\/tr>\n<tr>\n<td width=\"534\">\n<p><strong>ITAKA<\/strong><strong> &#8211; <\/strong><strong>antydepresyjny telefon zaufania<\/strong><\/p>\n<\/td>\n<td width=\"173\">\n<p><strong>22 654 40 41<\/strong><\/p>\n<\/td>\n<\/tr>\n<tr>\n<td width=\"534\">\n<p>Dzieci\u0119cy Telefon Zaufania Rzecznika Praw Dziecka<\/p>\n<\/td>\n<td width=\"173\">\n<p><strong>800 12 12 12<\/strong><\/p>\n<\/td>\n<\/tr>\n<tr>\n<td colspan=\"2\" width=\"707\">\n<p style=\"text-align: center;\"><strong><span style=\"color: #d12121;\">POMOC DLA OFIAR PRZEMOCY<\/span><\/strong><\/p>\n<\/td>\n<\/tr>\n<tr>\n<td width=\"534\">\n<p>Og\u00f3lnopolski telefon dla ofiar przemocy w&nbsp;rodzinie<\/p>\n<p><strong>&#8222;Niebieska linia&#8221;<\/strong><\/p>\n<\/td>\n<td width=\"173\">\n<p><strong>800 12 00 02<\/strong><\/p>\n<\/td>\n<\/tr>\n<tr>\n<td width=\"534\">\n<p>Interdyscyplinarny Zesp\u00f3\u0142 ds. Przeciwdzia\u0142ania Przemocy <br \/>w Po\u0142czynie-Zdroju<\/p>\n<\/td>\n<td width=\"173\">\n<p><strong>94 36 66 231<\/strong><\/p>\n<\/td>\n<\/tr>\n<tr>\n<td width=\"534\">\n<p><strong>Policyjny Telefon Zaufania<\/strong> <strong>ds. Przeciwdzia\u0142ania Przemocy <br \/>w Rodzinie<\/strong><\/p>\n<\/td>\n<td width=\"173\">\n<p><strong>800 120&nbsp;226<\/strong><\/p>\n<\/td>\n<\/tr>\n<tr>\n<td colspan=\"2\" width=\"707\">\n<p style=\"text-align: center;\"><strong><span style=\"color: #d12121;\">POMOC DLA&nbsp; OS\u00d3B Z UZALE\u017bNIENIAMI<\/span><\/strong><\/p>\n<\/td>\n<\/tr>\n<tr>\n<td width=\"534\">\n<p>Przychodnia terapii i uzale\u017cnienia i wsp\u00f3\u0142uzale\u017cnienia od alkoholu <br \/>w Po\u0142czynie-Zdroju<\/p>\n<\/td>\n<td width=\"173\">\n<p><strong>94 366 23 20<\/strong><\/p>\n<\/td>\n<\/tr>\n<tr>\n<td width=\"534\">\n<p><strong>Og\u00f3lnopolski Telefon Zaufania \u201eUzale\u017cnienia behawioralne\u201d<\/strong><\/p>\n<\/td>\n<td width=\"173\">\n<p><strong>801&nbsp;889 880<\/strong><\/p>\n<\/td>\n<\/tr>\n<tr>\n<td width=\"534\">\n<p><strong>Og\u00f3lnopolski Telefon Zaufania<\/strong> <strong>\u201eNarkotyki &#8211; Narkomania\u201d<\/strong><\/p>\n<\/td>\n<td width=\"173\">\n<p><strong>801 199&nbsp;990<\/strong><\/p>\n<\/td>\n<\/tr>\n<tr>\n<td width=\"534\">\n<p><strong>Infolinia stowarzyszenia Karan (problemy narkotykowe)<\/strong><\/p>\n<\/td>\n<td width=\"173\">\n<p><strong>800&nbsp;120 289<\/strong><\/p>\n<\/td>\n<\/tr>\n<tr>\n<td colspan=\"2\" width=\"707\">\n<p style=\"text-align: center;\"><strong><span style=\"color: #d12121;\">POMOC ZWI\u0104ZANA Z OBAW\u0104 ZAKA\u017bENIA HIV\/AIDS<\/span><\/strong><\/p>\n<\/td>\n<\/tr>\n<tr>\n<td width=\"534\">\n<p><strong>Telefon Zaufania HIV\/AIDS<\/strong><\/p>\n<\/td>\n<td width=\"173\">\n<p><strong>801 888&nbsp;448<\/strong><\/p>\n<p><strong>22 692 82 26<\/strong><\/p>\n<\/td>\n<\/tr>\n<\/tbody>\n<\/table>","protected":false},"excerpt":{"rendered":"","protected":false},"author":1,"featured_media":0,"parent":49,"menu_order":6,"comment_status":"closed","ping_status":"closed","template":"","meta":{"footnotes":""},"class_list":["post-105","page","type-page","status-publish","hentry"],"_links":{"self":[{"href":"https:\/\/zspolczyn.edu.pl\/index.php?rest_route=\/wp\/v2\/pages\/105","targetHints":{"allow":["GET"]}}],"collection":[{"href":"https:\/\/zspolczyn.edu.pl\/index.php?rest_route=\/wp\/v2\/pages"}],"about":[{"href":"https:\/\/zspolczyn.edu.pl\/index.php?rest_route=\/wp\/v2\/types\/page"}],"author":[{"embeddable":true,"href":"https:\/\/zspolczyn.edu.pl\/index.php?rest_route=\/wp\/v2\/users\/1"}],"replies":[{"embeddable":true,"href":"https:\/\/zspolczyn.edu.pl\/index.php?rest_route=%2Fwp%2Fv2%2Fcomments&post=105"}],"version-history":[{"count":23,"href":"https:\/\/zspolczyn.edu.pl\/index.php?rest_route=\/wp\/v2\/pages\/105\/revisions"}],"predecessor-version":[{"id":9233,"href":"https:\/\/zspolczyn.edu.pl\/index.php?rest_route=\/wp\/v2\/pages\/105\/revisions\/9233"}],"up":[{"embeddable":true,"href":"https:\/\/zspolczyn.edu.pl\/index.php?rest_route=\/wp\/v2\/pages\/49"}],"wp:attachment":[{"href":"https:\/\/zspolczyn.edu.pl\/index.php?rest_route=%2Fwp%2Fv2%2Fmedia&parent=105"}],"curies":[{"name":"wp","href":"https:\/\/api.w.org\/{rel}","templated":true}]}}