{"id":399,"date":"2019-04-05T18:31:18","date_gmt":"2019-04-05T16:31:18","guid":{"rendered":"http:\/\/zspolczyn.ovh\/?page_id=399"},"modified":"2021-06-09T11:07:20","modified_gmt":"2021-06-09T09:07:20","slug":"branzowa-szkola-i-stopnia","status":"publish","type":"page","link":"https:\/\/zspolczyn.edu.pl\/?page_id=399","title":{"rendered":"Bran\u017cowa Szko\u0142a I Stopnia"},"content":{"rendered":"\n<div class=\"wp-block-file\"><a href=\"http:\/\/zspolczyn.edu.pl\/wp-content\/uploads\/2021\/05\/Umowa-o-prace-w-celu-przygotowania-zawodowego-4.pdf\">Umowa o prac\u0119 w celu przygotowania zawodowego<\/a><a href=\"http:\/\/zspolczyn.edu.pl\/wp-content\/uploads\/2021\/05\/Umowa-o-prace-w-celu-przygotowania-zawodowego-4.pdf\" class=\"wp-block-file__button\" download>Pobierz<\/a><\/div>\n\n\n\n<div class=\"wp-block-file\"><a href=\"http:\/\/zspolczyn.edu.pl\/wp-content\/uploads\/2021\/05\/Wykaz-zawodow-WODZ-Szczecin.pdf\">Wykaz zawod\u00f3w dla pracownik\u00f3w m\u0142odocianych<\/a><a href=\"http:\/\/zspolczyn.edu.pl\/wp-content\/uploads\/2021\/05\/Wykaz-zawodow-WODZ-Szczecin.pdf\" class=\"wp-block-file__button\" download>Pobierz<\/a><\/div>\n\n\n\n<div class=\"wp-block-file\"><a href=\"http:\/\/zspolczyn.edu.pl\/wp-content\/uploads\/2021\/06\/Wykaz-zakladow-pracy-przyjmyjacych-na-praktyczna-nauke-zawodu-2021-2022.pdf\">Wykaz zak\u0142ad\u00f3w pracy przyjmuj\u0105cych na praktyczn\u0105 nauk\u0119 zawodu-2021-2022<\/a><a href=\"http:\/\/zspolczyn.edu.pl\/wp-content\/uploads\/2021\/06\/Wykaz-zakladow-pracy-przyjmyjacych-na-praktyczna-nauke-zawodu-2021-2022.pdf\" class=\"wp-block-file__button\" download>Pobierz<\/a><\/div>\n\n\n\n<p><\/p>\n","protected":false},"excerpt":{"rendered":"","protected":false},"author":1,"featured_media":0,"parent":24,"menu_order":2,"comment_status":"closed","ping_status":"closed","template":"","meta":{"footnotes":""},"class_list":["post-399","page","type-page","status-publish","hentry"],"_links":{"self":[{"href":"https:\/\/zspolczyn.edu.pl\/index.php?rest_route=\/wp\/v2\/pages\/399","targetHints":{"allow":["GET"]}}],"collection":[{"href":"https:\/\/zspolczyn.edu.pl\/index.php?rest_route=\/wp\/v2\/pages"}],"about":[{"href":"https:\/\/zspolczyn.edu.pl\/index.php?rest_route=\/wp\/v2\/types\/page"}],"author":[{"embeddable":true,"href":"https:\/\/zspolczyn.edu.pl\/index.php?rest_route=\/wp\/v2\/users\/1"}],"replies":[{"embeddable":true,"href":"https:\/\/zspolczyn.edu.pl\/index.php?rest_route=%2Fwp%2Fv2%2Fcomments&post=399"}],"version-history":[{"count":11,"href":"https:\/\/zspolczyn.edu.pl\/index.php?rest_route=\/wp\/v2\/pages\/399\/revisions"}],"predecessor-version":[{"id":4227,"href":"https:\/\/zspolczyn.edu.pl\/index.php?rest_route=\/wp\/v2\/pages\/399\/revisions\/4227"}],"up":[{"embeddable":true,"href":"https:\/\/zspolczyn.edu.pl\/index.php?rest_route=\/wp\/v2\/pages\/24"}],"wp:attachment":[{"href":"https:\/\/zspolczyn.edu.pl\/index.php?rest_route=%2Fwp%2Fv2%2Fmedia&parent=399"}],"curies":[{"name":"wp","href":"https:\/\/api.w.org\/{rel}","templated":true}]}}