{"id":51,"date":"2019-03-15T16:29:04","date_gmt":"2019-03-15T15:29:04","guid":{"rendered":"http:\/\/zspolczyn.ovh\/?page_id=51"},"modified":"2025-10-02T14:10:16","modified_gmt":"2025-10-02T12:10:16","slug":"szkola","status":"publish","type":"page","link":"https:\/\/zspolczyn.edu.pl\/?page_id=51","title":{"rendered":"Dokumenty"},"content":{"rendered":"<p><span style=\"color: #ff0000;\"><strong>STATUTY<\/strong><\/span><\/p>\n<ul>\n<li><a id=\"wp-block-file--media-377b8dd1-e0d7-4ade-bda9-26609576a35f\" href=\"http:\/\/zspolczyn.edu.pl\/wp-content\/uploads\/2025\/09\/STATUT-LICEUM-OGOLNOKSZTALCACEGO.pdf\">STATUT LICEUM OG\u00d3LNOKSZTA\u0141C\u0104CEGO \u00a0 <\/a><a href=\"http:\/\/zspolczyn.edu.pl\/wp-content\/uploads\/2025\/09\/STATUT-LICEUM-OGOLNOKSZTALCACEGO.pdf\" download=\"\" aria-describedby=\"wp-block-file--media-377b8dd1-e0d7-4ade-bda9-26609576a35f\">Pobierz<\/a><!-- \/wp:post-content --><!-- wp:file {\"id\":2484,\"href\":\"http:\/\/www.zspolczyn.ovh\/wp-content\/uploads\/2020\/01\/STATUT-TECHNIKUM.pdf\"} --><\/li>\n<li><a id=\"wp-block-file--media-2475b088-4f56-46ce-a1b3-109450778ba7\" href=\"http:\/\/www.zspolczyn.ovh\/wp-content\/uploads\/2020\/01\/STATUT-TECHNIKUM.pdf\">STATUT TECHNIKUM \u00a0 <\/a><a href=\"http:\/\/www.zspolczyn.ovh\/wp-content\/uploads\/2020\/01\/STATUT-TECHNIKUM.pdf\" download=\"\" aria-describedby=\"wp-block-file--media-2475b088-4f56-46ce-a1b3-109450778ba7\">Pobierz<\/a><!-- \/wp:file --><!-- wp:file {\"id\":2485,\"href\":\"http:\/\/www.zspolczyn.ovh\/wp-content\/uploads\/2020\/01\/STATUT-BSI.pdf\",\"displayPreview\":false} --><\/li>\n<li><a id=\"wp-block-file--media-215a6a08-ef84-42a8-b065-ca5ffebb99ed\" href=\"http:\/\/www.zspolczyn.ovh\/wp-content\/uploads\/2020\/01\/STATUT-BSI.pdf\">STATUT BRAN\u017bOWEJ SZKO\u0141Y I STOPNIA \u00a0 <\/a><a href=\"http:\/\/www.zspolczyn.ovh\/wp-content\/uploads\/2020\/01\/STATUT-BSI.pdf\" download=\"\" aria-describedby=\"wp-block-file--media-215a6a08-ef84-42a8-b065-ca5ffebb99ed\">Pobierz<\/a><!-- \/wp:file --><!-- wp:file {\"id\":3380,\"href\":\"http:\/\/zspolczyn.edu.pl\/wp-content\/uploads\/2020\/09\/WSO-ZS-w-Polczynie-Zdroju-2019-2020.pdf\"} --><\/li>\n<li><a id=\"wp-block-file--media-71218221-1cc1-43ea-a72b-f83d5e694674\" href=\"http:\/\/zspolczyn.edu.pl\/wp-content\/uploads\/2020\/09\/WSO-ZS-w-Polczynie-Zdroju-2019-2020.pdf\">Za\u0142\u0105cznik nr 1 WEWN\u0104TRZSZKOLNY SYSTEM OCENIANIA \u00a0 <\/a><a href=\"http:\/\/zspolczyn.edu.pl\/wp-content\/uploads\/2020\/09\/WSO-ZS-w-Polczynie-Zdroju-2019-2020.pdf\" download=\"\" aria-describedby=\"wp-block-file--media-71218221-1cc1-43ea-a72b-f83d5e694674\">Pobierz<\/a><\/li>\n<\/ul>\n<p><!-- \/wp:file --><!-- wp:file {\"id\":2488,\"href\":\"http:\/\/www.zspolczyn.ovh\/wp-content\/uploads\/2020\/01\/za\u0142\u0105cznik-nr-2-Regulamin-funkcjonowania-dziennika_elektronicznego.pdf\"} \/--><!-- wp:file {\"id\":8599,\"href\":\"http:\/\/zspolczyn.edu.pl\/wp-content\/uploads\/2024\/11\/Program-wychowawczo-profilaktyczny-Zespolu-Szkol-w-Polczynie-Zdroju-2024-2025.pdf\",\"displayPreview\":false} --><\/p>\n<p><span style=\"color: #ff0000;\"><strong>PROGRAMY I PROCEDURY<\/strong><\/span><\/p>\n<ul>\n<li><a href=\"http:\/\/zspolczyn.edu.pl\/wp-content\/uploads\/2025\/10\/Program-wychowawczo-profilaktyczny-Zespolu-Szkol-w-Polczynie-Zdroju-2025-2026-.pdf\">Program wychowawczo-profilaktyczny Zespo\u0142u Szk\u00f3\u0142 w Polczynie-Zdroju-2024-2025 \u00a0\u00a0<\/a><br \/><!-- \/wp:file --><!-- wp:file {\"id\":8603,\"href\":\"http:\/\/zspolczyn.edu.pl\/wp-content\/uploads\/2024\/11\/Wewnatrzszkolny-system-doradztwa-zawodowego-aktualizacja-wrzesien-2024.pdf\",\"displayPreview\":false} --><\/li>\n<li><a href=\"http:\/\/zspolczyn.edu.pl\/wp-content\/uploads\/2025\/10\/Plan-dzialan-wychowawczo-profilaktycznych-w-Zespole-Szkol-w-Polczynie-Zdroju-2025-2026.pdf\">Plan dzia\u0142a\u0144 wychowawczo-profilaktycznych w Zespole Szk\u00f3\u0142 w Po\u0142czynie-Zdroju 2025-2026<\/a><\/li>\n<li><a id=\"wp-block-file--media-1690ec03-1997-4a57-be1d-23793cdc89c8\" href=\"http:\/\/zspolczyn.edu.pl\/wp-content\/uploads\/2024\/11\/Wewnatrzszkolny-system-doradztwa-zawodowego-aktualizacja-wrzesien-2024.pdf\">Wewn\u0105trzszkolny system doradztwa zawodowego aktualizacja-wrzesien-2024 \u00a0 <\/a><a href=\"http:\/\/zspolczyn.edu.pl\/wp-content\/uploads\/2024\/11\/Wewnatrzszkolny-system-doradztwa-zawodowego-aktualizacja-wrzesien-2024.pdf\" download=\"\" aria-describedby=\"wp-block-file--media-1690ec03-1997-4a57-be1d-23793cdc89c8\">Pobierz<\/a><!-- \/wp:file --><!-- wp:file {\"id\":8602,\"href\":\"http:\/\/zspolczyn.edu.pl\/wp-content\/uploads\/2024\/11\/PROGRAM-REALIZACJI-DORADZTWA-ZAWODOWEGO-2024-2025.pdf\",\"displayPreview\":false} --><\/li>\n<li><a id=\"wp-block-file--media-afbb22d5-fb5c-4b1f-970e-23af08a3d1f3\" href=\"http:\/\/zspolczyn.edu.pl\/wp-content\/uploads\/2025\/10\/PROGRAM-REALIZACJI-DORADZTWA-ZAWODOWEGO-2025-2026.pdf\">Program realizacji Wewn\u0105trzszkolnego Doradztwa Zawodowego-2025-2026\u00a0 \u00a0<\/a><!-- \/wp:file --><!-- wp:file {\"id\":7895,\"href\":\"http:\/\/zspolczyn.edu.pl\/wp-content\/uploads\/2023\/12\/PROCEDURY-ORGANIZOWANIA-I-UDZIELANIA-POMOCY-PP-W-ZESPOLE-SZKOL-14.11.2023.pdf\",\"displayPreview\":false} --><\/li>\n<\/ul>\n<p><!-- \/wp:file --><!-- wp:file {\"id\":8271,\"href\":\"http:\/\/zspolczyn.edu.pl\/wp-content\/uploads\/2024\/05\/Standardy-ochrony-maloletnich-ZS-w-Polczynie-Zdroju-wersja-zupelna.pdf\",\"displayPreview\":false} --><\/p>\n<p><span style=\"color: #ff0000;\"><strong>REGULAMINY I PROCEDURY<\/strong><\/span><\/p>\n<ul>\n<li><a id=\"wp-block-file--media-dc38dba4-a03d-4b18-922d-868f553ea5f2\" href=\"http:\/\/www.zspolczyn.ovh\/wp-content\/uploads\/2020\/01\/za\u0142\u0105cznik-nr-6-Regulamin-biblioteki.pdf\">REGULAMIN BIBLIOTEKI \u00a0 <\/a><a href=\"http:\/\/www.zspolczyn.ovh\/wp-content\/uploads\/2020\/01\/za\u0142\u0105cznik-nr-6-Regulamin-biblioteki.pdf\" download=\"\" aria-describedby=\"wp-block-file--media-dc38dba4-a03d-4b18-922d-868f553ea5f2\">Pobierz<\/a><!-- \/wp:file --><!-- wp:file {\"id\":2497,\"href\":\"http:\/\/www.zspolczyn.ovh\/wp-content\/uploads\/2020\/01\/za\u0142\u0105cznik-nr-7_Regulamin_przeprowadzania_egzamin\u00f3w_poprawkowych_ZS.pdf\"} --><\/li>\n<li><a id=\"wp-block-file--media-4ca2565b-a901-4a67-9389-5ac00524c861\" href=\"http:\/\/www.zspolczyn.ovh\/wp-content\/uploads\/2020\/01\/za\u0142\u0105cznik-nr-7_Regulamin_przeprowadzania_egzamin\u00f3w_poprawkowych_ZS.pdf\">REGULAMIN PRZEPROWADZANIA EGZAMIN\u00d3W POPRAWKOWYCH \u00a0 <\/a><a href=\"http:\/\/www.zspolczyn.ovh\/wp-content\/uploads\/2020\/01\/za\u0142\u0105cznik-nr-7_Regulamin_przeprowadzania_egzamin\u00f3w_poprawkowych_ZS.pdf\" download=\"\" aria-describedby=\"wp-block-file--media-4ca2565b-a901-4a67-9389-5ac00524c861\">Pobierz<\/a><!-- \/wp:file --><!-- wp:file {\"id\":2499,\"href\":\"http:\/\/www.zspolczyn.ovh\/wp-content\/uploads\/2020\/01\/za\u0142\u0105cznik-nr-8_Regulamin-przeprowadzania-egzamin\u00f3w-klasyfikacyjnych-ZS.pdf\"} --><\/li>\n<li><a id=\"wp-block-file--media-101bc549-f1d8-4881-936b-1fd1b69ef1a4\" href=\"http:\/\/www.zspolczyn.ovh\/wp-content\/uploads\/2020\/01\/za\u0142\u0105cznik-nr-8_Regulamin-przeprowadzania-egzamin\u00f3w-klasyfikacyjnych-ZS.pdf\">REGULAMIN PRZEPROWADZANIA EGZAMIN\u00d3W KLASYFIKACYJNYCH <\/a><a href=\"http:\/\/www.zspolczyn.ovh\/wp-content\/uploads\/2020\/01\/za\u0142\u0105cznik-nr-8_Regulamin-przeprowadzania-egzamin\u00f3w-klasyfikacyjnych-ZS.pdf\" download=\"\" aria-describedby=\"wp-block-file--media-101bc549-f1d8-4881-936b-1fd1b69ef1a4\">Pobierz<\/a><!-- \/wp:file --><!-- wp:file {\"id\":2500,\"href\":\"http:\/\/www.zspolczyn.ovh\/wp-content\/uploads\/2020\/01\/za\u0142\u0105cznik-nr-9-Regulamin-praktycznej-nauki-zawodu.pdf\"} --><\/li>\n<li><a id=\"wp-block-file--media-cdd65943-eba2-4ddc-8c5d-8f2bafdd0e88\" href=\"http:\/\/www.zspolczyn.ovh\/wp-content\/uploads\/2020\/01\/za\u0142\u0105cznik-nr-9-Regulamin-praktycznej-nauki-zawodu.pdf\">REGULAMIN PRAKTYCZNEJ NAUKI ZAWODU \u00a0 <\/a><a href=\"http:\/\/www.zspolczyn.ovh\/wp-content\/uploads\/2020\/01\/za\u0142\u0105cznik-nr-9-Regulamin-praktycznej-nauki-zawodu.pdf\" download=\"\" aria-describedby=\"wp-block-file--media-cdd65943-eba2-4ddc-8c5d-8f2bafdd0e88\">Pobierz<\/a><!-- \/wp:file --><!-- wp:file {\"id\":7155,\"href\":\"http:\/\/zspolczyn.edu.pl\/wp-content\/uploads\/2023\/02\/Procedury-postepowania-nauczycieli-i-pracownikow-w-sytuacjach-trudnych-i-kryzysowych-ZSP-w-Polczynie-Zdroju.doc\"} --><\/li>\n<li><a id=\"wp-block-file--media-736b5c97-f49a-4518-92a8-df65289af13a\" href=\"http:\/\/www.zspolczyn.ovh\/wp-content\/uploads\/2020\/01\/za\u0142\u0105cznik-nr-2-Regulamin-funkcjonowania-dziennika_elektronicznego.pdf\">REGULAMIN FUNKCJONOWANIA DZIENNIKA ELEKTRONICZNEGO <\/a><a href=\"http:\/\/www.zspolczyn.ovh\/wp-content\/uploads\/2020\/01\/za\u0142\u0105cznik-nr-2-Regulamin-funkcjonowania-dziennika_elektronicznego.pdf\" download=\"\" aria-describedby=\"wp-block-file--media-736b5c97-f49a-4518-92a8-df65289af13a\">Pobierz<\/a><\/li>\n<li><a id=\"wp-block-file--media-dfcdeade-c0c5-4110-8463-6e7e907be8e2\" href=\"http:\/\/zspolczyn.edu.pl\/wp-content\/uploads\/2023\/02\/REGULAMIN-WYCIECZEK-SZKOLNYCH-z-zalacznikami-i-karta-wycieczki.docx\">REGULAMIN WYCIECZEK SZKOLNYCH z za\u0142\u0105cznikami i kart\u0105 wycieczki \u00a0<\/a><a href=\"http:\/\/zspolczyn.edu.pl\/wp-content\/uploads\/2023\/02\/REGULAMIN-WYCIECZEK-SZKOLNYCH-z-zalacznikami-i-karta-wycieczki.docx\" download=\"\" aria-describedby=\"wp-block-file--media-dfcdeade-c0c5-4110-8463-6e7e907be8e2\">Pobierz<\/a><\/li>\n<li><a id=\"wp-block-file--media-0135ff36-8e31-4408-93e1-6054807ea8bd\" href=\"http:\/\/zspolczyn.edu.pl\/wp-content\/uploads\/2021\/12\/regulamin-mL.pdf\">REGULAMIN mLegitymacji szkolnej \u00a0 <\/a><a href=\"http:\/\/zspolczyn.edu.pl\/wp-content\/uploads\/2021\/12\/regulamin-mL.pdf\" download=\"\" aria-describedby=\"wp-block-file--media-0135ff36-8e31-4408-93e1-6054807ea8bd\">Pobierz<\/a><\/li>\n<li>PROCEDURY ORGANIZOWANIA I UDZIELANIA POMOCY PSYCHOLOGICZNO-PEDAGOGICZNEJ W ZESPOLE SZK\u00d3\u0141\u00a0\u00a0<a href=\"http:\/\/zspolczyn.edu.pl\/wp-content\/uploads\/2023\/12\/PROCEDURY-ORGANIZOWANIA-I-UDZIELANIA-POMOCY-PP-W-ZESPOLE-SZKOL-14.11.2023.pdf\" download=\"\" aria-describedby=\"wp-block-file--media-c08f307c-4346-47bc-8b0a-762606f255a8\">Pobierz<\/a><\/li>\n<li><a id=\"wp-block-file--media-dfbe8dba-98aa-475f-865b-de8e4cda4327\" href=\"http:\/\/zspolczyn.edu.pl\/wp-content\/uploads\/2023\/02\/Procedury-postepowania-nauczycieli-i-pracownikow-w-sytuacjach-trudnych-i-kryzysowych-ZSP-w-Polczynie-Zdroju.doc\">PROCEDURY POST\u0118POWANIA NAUCZYCIELI I PRACOWNIK\u00d3W W SYTUACJACH TRUDNYCH I KRYZYSOWYCH \u00a0<\/a><a href=\"http:\/\/zspolczyn.edu.pl\/wp-content\/uploads\/2023\/02\/Procedury-postepowania-nauczycieli-i-pracownikow-w-sytuacjach-trudnych-i-kryzysowych-ZSP-w-Polczynie-Zdroju.doc\" download=\"\" aria-describedby=\"wp-block-file--media-dfbe8dba-98aa-475f-865b-de8e4cda4327\">Pobierz<\/a><!-- \/wp:file --><!-- wp:file {\"id\":7157,\"href\":\"http:\/\/zspolczyn.edu.pl\/wp-content\/uploads\/2023\/02\/REGULAMIN-WYCIECZEK-SZKOLNYCH-z-zalacznikami-i-karta-wycieczki.docx\"} --><\/li>\n<li><a id=\"wp-block-file--media-904d83ff-8240-493d-9282-3231e6446698\" href=\"http:\/\/zspolczyn.edu.pl\/wp-content\/uploads\/2023\/02\/procedura.doc\">PROCEDURA UZYSKIWANIA ZWOLNIE\u0143 Z ZAJ\u0118\u0106 WYCHOWANIA FIZYCZNEGO\u00a0 W ZEPOLE SZK\u00d3\u0141 W PO\u0141CZYNIE-ZDROJU\u00a0 <\/a><a href=\"http:\/\/zspolczyn.edu.pl\/wp-content\/uploads\/2023\/02\/procedura.doc\" download=\"\" aria-describedby=\"wp-block-file--media-904d83ff-8240-493d-9282-3231e6446698\">Pobierz<\/a><\/li>\n<li><a id=\"wp-block-file--media-8805903d-c05c-43cd-a4cc-33b5555fea4d\" href=\"http:\/\/zspolczyn.edu.pl\/wp-content\/uploads\/2023\/02\/ZASADY-BEZPIECZENSTWA-W-INTERNECIE.docx\">ZASADY BEZPIECZE\u0143STWA W INTERNECIE \u00a0 <\/a><a href=\"http:\/\/zspolczyn.edu.pl\/wp-content\/uploads\/2023\/02\/ZASADY-BEZPIECZENSTWA-W-INTERNECIE.docx\" download=\"\" aria-describedby=\"wp-block-file--media-8805903d-c05c-43cd-a4cc-33b5555fea4d\">Pobierz<\/a><\/li>\n<li><a id=\"wp-block-file--media-9339a179-8b42-46a5-abe9-fa25e3748063\" href=\"http:\/\/zspolczyn.edu.pl\/wp-content\/uploads\/2024\/05\/Standardy-ochrony-maloletnich-ZS-w-Polczynie-Zdroju-wersja-zupelna.pdf\">STANDARDY OCHRONY MA\u0141OLETNICH W ZESPOLE SZK\u00d3\u0141 W PO\u0141CZYNIE-ZDROJU &#8211; wersja zupe\u0142na \u00a0 <\/a><a href=\"http:\/\/zspolczyn.edu.pl\/wp-content\/uploads\/2024\/05\/Standardy-ochrony-maloletnich-ZS-w-Polczynie-Zdroju-wersja-zupelna.pdf\" download=\"\" aria-describedby=\"wp-block-file--media-9339a179-8b42-46a5-abe9-fa25e3748063\">Pobierz<\/a><\/li>\n<\/ul>\n<p><!-- \/wp:file --><!-- wp:file {\"id\":1399,\"href\":\"http:\/\/www.zspolczyn.ovh\/wp-content\/uploads\/2019\/09\/O\u015aWIADCZENIE-religia-etyka-wizerunek.docx\"} --><\/p>\n<p><span style=\"color: #ff0000;\"><strong>INNE<\/strong><\/span><\/p>\n<ul>\n<li><a id=\"wp-block-file--media-d734a824-9e59-4502-a67a-c1745aa1c831\" href=\"http:\/\/www.zspolczyn.ovh\/wp-content\/uploads\/2019\/09\/O\u015aWIADCZENIE-religia-etyka-wizerunek.docx\">O\u015bwiadczenie: religia, etyka, WD\u017b, wizerunek \u00a0 <\/a><a href=\"http:\/\/www.zspolczyn.ovh\/wp-content\/uploads\/2019\/09\/O\u015aWIADCZENIE-religia-etyka-wizerunek.docx\" download=\"\" aria-describedby=\"wp-block-file--media-d734a824-9e59-4502-a67a-c1745aa1c831\">Pobierz<\/a><!-- \/wp:file --><!-- wp:file {\"id\":1400,\"href\":\"http:\/\/www.zspolczyn.ovh\/wp-content\/uploads\/2019\/09\/O\u015bwiadczenie-rodzica-religia.docx\"} --><\/li>\n<li><a id=\"wp-block-file--media-969bba17-3513-4073-b78d-06c5c875a5d5\" href=\"http:\/\/www.zspolczyn.ovh\/wp-content\/uploads\/2019\/09\/O\u015bwiadczenie-rodzica-religia.docx\">O\u015bwiadczenie rodzica ucznia nieucz\u0119szczaj\u0105cego na religi\u0119 \u00a0 <\/a><a href=\"http:\/\/www.zspolczyn.ovh\/wp-content\/uploads\/2019\/09\/O\u015bwiadczenie-rodzica-religia.docx\" download=\"\" aria-describedby=\"wp-block-file--media-969bba17-3513-4073-b78d-06c5c875a5d5\">Pobierz<\/a><!-- \/wp:file --><!-- wp:file {\"id\":1401,\"href\":\"http:\/\/www.zspolczyn.ovh\/wp-content\/uploads\/2019\/09\/O\u015bwiadczenie-rodzic\u00f3w-wf.docx\"} --><\/li>\n<li><a id=\"wp-block-file--media-4b9102a9-4d21-4031-9cde-e3b5d41b61b2\" href=\"http:\/\/www.zspolczyn.ovh\/wp-content\/uploads\/2019\/09\/O\u015bwiadczenie-rodzic\u00f3w-wf.docx\">O\u015bwiadczenie rodzica ucznia nieucz\u0119szczaj\u0105cego na wf \u00a0 <\/a><a href=\"http:\/\/www.zspolczyn.ovh\/wp-content\/uploads\/2019\/09\/O\u015bwiadczenie-rodzic\u00f3w-wf.docx\" download=\"\" aria-describedby=\"wp-block-file--media-4b9102a9-4d21-4031-9cde-e3b5d41b61b2\">Pobierz<\/a><!-- \/wp:file --><!-- wp:file {\"id\":7158,\"href\":\"http:\/\/zspolczyn.edu.pl\/wp-content\/uploads\/2023\/02\/ZASADY-BEZPIECZENSTWA-W-INTERNECIE.docx\"} --><a id=\"wp-block-file--media-8805903d-c05c-43cd-a4cc-33b5555fea4d\" href=\"http:\/\/zspolczyn.edu.pl\/wp-content\/uploads\/2023\/02\/ZASADY-BEZPIECZENSTWA-W-INTERNECIE.docx\"><\/a><!-- \/wp:file --><!-- wp:file {\"id\":1403,\"href\":\"http:\/\/www.zspolczyn.ovh\/wp-content\/uploads\/2019\/09\/ZGODA-RODZIC\u00d3W-przetwarzanie-danych.docx\"} --><\/li>\n<li><a id=\"wp-block-file--media-b6bed316-3d5c-4868-9672-8719cf18aede\" href=\"http:\/\/www.zspolczyn.ovh\/wp-content\/uploads\/2019\/09\/ZGODA-RODZIC\u00d3W-przetwarzanie-danych.docx\">Zgoda rodzic\u00f3w na przetwarzanie danych \u00a0 <\/a><a href=\"http:\/\/www.zspolczyn.ovh\/wp-content\/uploads\/2019\/09\/ZGODA-RODZIC\u00d3W-przetwarzanie-danych.docx\" download=\"\" aria-describedby=\"wp-block-file--media-b6bed316-3d5c-4868-9672-8719cf18aede\">Pobierz<\/a><!-- \/wp:file --><!-- wp:file {\"id\":3096,\"href\":\"http:\/\/zspolczyn.edu.pl\/wp-content\/uploads\/2020\/06\/\u015awiadectwo-wniosek-o-duplikat.pdf\"} --><\/li>\n<li><a id=\"wp-block-file--media-cdbf8d91-31f6-47aa-a3ab-c7641ae0ea91\" href=\"http:\/\/zspolczyn.edu.pl\/wp-content\/uploads\/2020\/06\/\u015awiadectwo-wniosek-o-duplikat.pdf\">\u015awiadectwo-wniosek o duplikat \u00a0 <\/a><a href=\"http:\/\/zspolczyn.edu.pl\/wp-content\/uploads\/2020\/06\/\u015awiadectwo-wniosek-o-duplikat.pdf\" download=\"\" aria-describedby=\"wp-block-file--media-cdbf8d91-31f6-47aa-a3ab-c7641ae0ea91\">Pobierz<\/a><!-- \/wp:file --><!-- wp:file {\"id\":7159,\"href\":\"http:\/\/zspolczyn.edu.pl\/wp-content\/uploads\/2023\/02\/Legitymacja-wniosek.doc\"} --><\/li>\n<li><a id=\"wp-block-file--media-419295a7-16d3-425d-9cc7-e6642d9b1ebe\" href=\"http:\/\/zspolczyn.edu.pl\/wp-content\/uploads\/2023\/02\/Legitymacja-wniosek.doc\">Legitymacja-wniosek \u00a0 <\/a><a href=\"http:\/\/zspolczyn.edu.pl\/wp-content\/uploads\/2023\/02\/Legitymacja-wniosek.doc\" download=\"\" aria-describedby=\"wp-block-file--media-419295a7-16d3-425d-9cc7-e6642d9b1ebe\">Pobierz<\/a><\/li>\n<li><a href=\"http:\/\/zspolczyn.ovh\/wp-content\/uploads\/dokumenty\/opinia-lekarska.pdf\">Wniosek o zwolnienie z zaj\u0119\u0107 wychowania fizycznego \u00a0 <\/a>Pobierz<\/li>\n<\/ul>\n<p><!-- \/wp:file --><!-- wp:paragraph --><\/p>\n<p><!-- \/wp:paragraph --><\/p>\n\n<!-- wp:paragraph -->\n<p><\/p>\n<!-- \/wp:paragraph -->","protected":false},"excerpt":{"rendered":"","protected":false},"author":1,"featured_media":0,"parent":56,"menu_order":5,"comment_status":"closed","ping_status":"closed","template":"","meta":{"footnotes":""},"class_list":["post-51","page","type-page","status-publish","hentry"],"_links":{"self":[{"href":"https:\/\/zspolczyn.edu.pl\/index.php?rest_route=\/wp\/v2\/pages\/51","targetHints":{"allow":["GET"]}}],"collection":[{"href":"https:\/\/zspolczyn.edu.pl\/index.php?rest_route=\/wp\/v2\/pages"}],"about":[{"href":"https:\/\/zspolczyn.edu.pl\/index.php?rest_route=\/wp\/v2\/types\/page"}],"author":[{"embeddable":true,"href":"https:\/\/zspolczyn.edu.pl\/index.php?rest_route=\/wp\/v2\/users\/1"}],"replies":[{"embeddable":true,"href":"https:\/\/zspolczyn.edu.pl\/index.php?rest_route=%2Fwp%2Fv2%2Fcomments&post=51"}],"version-history":[{"count":46,"href":"https:\/\/zspolczyn.edu.pl\/index.php?rest_route=\/wp\/v2\/pages\/51\/revisions"}],"predecessor-version":[{"id":9245,"href":"https:\/\/zspolczyn.edu.pl\/index.php?rest_route=\/wp\/v2\/pages\/51\/revisions\/9245"}],"up":[{"embeddable":true,"href":"https:\/\/zspolczyn.edu.pl\/index.php?rest_route=\/wp\/v2\/pages\/56"}],"wp:attachment":[{"href":"https:\/\/zspolczyn.edu.pl\/index.php?rest_route=%2Fwp%2Fv2%2Fmedia&parent=51"}],"curies":[{"name":"wp","href":"https:\/\/api.w.org\/{rel}","templated":true}]}}