{"id":9543,"date":"2025-12-17T16:45:23","date_gmt":"2025-12-17T15:45:23","guid":{"rendered":"https:\/\/zspolczyn.edu.pl\/?page_id=9543"},"modified":"2026-02-17T21:29:56","modified_gmt":"2026-02-17T20:29:56","slug":"listopad-2025","status":"publish","type":"page","link":"https:\/\/zspolczyn.edu.pl\/?page_id=9543","title":{"rendered":"Listopad 2025"},"content":{"rendered":"\n<p>Listopad jest miesi\u0105cem, w kt\u00f3rym wspominamy Nieobecnych. <br>Uczniowie oraz nauczyciele stawiaj\u0105 na grobach zmar\u0142ych pracownik\u00f3w szko\u0142y znicze aby nie da\u0107 zapomnie\u0107 aby o\u017cywi\u0107 wspomnienia.<\/p>\n\n\n<div class=\"wp-block-image is-style-default\">\n<figure class=\"aligncenter size-full is-resized\"><img fetchpriority=\"high\" decoding=\"async\" width=\"444\" height=\"631\" src=\"http:\/\/zspolczyn.edu.pl\/wp-content\/uploads\/2026\/02\/wspominamy.jpg\" alt=\"\" class=\"wp-image-9737\" style=\"width:450px;height:auto\" srcset=\"https:\/\/zspolczyn.edu.pl\/wp-content\/uploads\/2026\/02\/wspominamy.jpg 444w, https:\/\/zspolczyn.edu.pl\/wp-content\/uploads\/2026\/02\/wspominamy-211x300.jpg 211w, https:\/\/zspolczyn.edu.pl\/wp-content\/uploads\/2026\/02\/wspominamy-246x350.jpg 246w\" sizes=\"(max-width: 444px) 100vw, 444px\" \/><\/figure>\n<\/div>\n\n\n<p><\/p>\n\n\n\n<div class=\"wp-block-group\"><div class=\"wp-block-group__inner-container is-layout-constrained wp-block-group-is-layout-constrained\">\n<figure class=\"wp-block-image size-large\"><img decoding=\"async\" width=\"1632\" height=\"2176\" data-src=\"https:\/\/zspolczyn.edu.pl\/wp-content\/uploads\/2026\/02\/1000068589-edited.jpg\" alt=\"\" class=\"wp-image-9723 lazyload\" data-srcset=\"https:\/\/zspolczyn.edu.pl\/wp-content\/uploads\/2026\/02\/1000068589-edited.jpg 1632w, https:\/\/zspolczyn.edu.pl\/wp-content\/uploads\/2026\/02\/1000068589-edited-225x300.jpg 225w, https:\/\/zspolczyn.edu.pl\/wp-content\/uploads\/2026\/02\/1000068589-edited-768x1024.jpg 768w, https:\/\/zspolczyn.edu.pl\/wp-content\/uploads\/2026\/02\/1000068589-edited-300x400.jpg 300w, https:\/\/zspolczyn.edu.pl\/wp-content\/uploads\/2026\/02\/1000068589-edited-1152x1536.jpg 1152w, https:\/\/zspolczyn.edu.pl\/wp-content\/uploads\/2026\/02\/1000068589-edited-1536x2048.jpg 1536w, https:\/\/zspolczyn.edu.pl\/wp-content\/uploads\/2026\/02\/1000068589-edited-263x350.jpg 263w\" data-sizes=\"(max-width: 1632px) 100vw, 1632px\" src=\"data:image\/svg+xml;base64,PHN2ZyB3aWR0aD0iMSIgaGVpZ2h0PSIxIiB4bWxucz0iaHR0cDovL3d3dy53My5vcmcvMjAwMC9zdmciPjwvc3ZnPg==\" style=\"--smush-placeholder-width: 1632px; --smush-placeholder-aspect-ratio: 1632\/2176;\" \/><figcaption class=\"wp-element-caption\"><strong>Prof Zygmunt Adamiak (1947 &#8211; 2001)<\/strong><\/figcaption><\/figure>\n\n\n\n<figure class=\"wp-block-image size-large\"><img decoding=\"async\" width=\"1024\" height=\"485\" data-src=\"http:\/\/zspolczyn.edu.pl\/wp-content\/uploads\/2026\/02\/ZA-1024x485.jpg\" alt=\"\" class=\"wp-image-9728 lazyload\" data-srcset=\"https:\/\/zspolczyn.edu.pl\/wp-content\/uploads\/2026\/02\/ZA-1024x485.jpg 1024w, https:\/\/zspolczyn.edu.pl\/wp-content\/uploads\/2026\/02\/ZA-300x142.jpg 300w, https:\/\/zspolczyn.edu.pl\/wp-content\/uploads\/2026\/02\/ZA-768x364.jpg 768w, https:\/\/zspolczyn.edu.pl\/wp-content\/uploads\/2026\/02\/ZA-739x350.jpg 739w, https:\/\/zspolczyn.edu.pl\/wp-content\/uploads\/2026\/02\/ZA.jpg 1445w\" data-sizes=\"(max-width: 1024px) 100vw, 1024px\" src=\"data:image\/svg+xml;base64,PHN2ZyB3aWR0aD0iMSIgaGVpZ2h0PSIxIiB4bWxucz0iaHR0cDovL3d3dy53My5vcmcvMjAwMC9zdmciPjwvc3ZnPg==\" style=\"--smush-placeholder-width: 1024px; --smush-placeholder-aspect-ratio: 1024\/485;\" \/><\/figure>\n\n\n\n<p><\/p>\n\n\n\n<figure class=\"wp-block-image size-large\"><img decoding=\"async\" width=\"1915\" height=\"2560\" data-src=\"https:\/\/zspolczyn.edu.pl\/wp-content\/uploads\/2026\/02\/1000068581-edited-scaled.jpg\" alt=\"\" class=\"wp-image-9724 lazyload\" data-srcset=\"https:\/\/zspolczyn.edu.pl\/wp-content\/uploads\/2026\/02\/1000068581-edited-scaled.jpg 1915w, https:\/\/zspolczyn.edu.pl\/wp-content\/uploads\/2026\/02\/1000068581-edited-224x300.jpg 224w, https:\/\/zspolczyn.edu.pl\/wp-content\/uploads\/2026\/02\/1000068581-edited-766x1024.jpg 766w, https:\/\/zspolczyn.edu.pl\/wp-content\/uploads\/2026\/02\/1000068581-edited-768x1027.jpg 768w, https:\/\/zspolczyn.edu.pl\/wp-content\/uploads\/2026\/02\/1000068581-edited-300x400.jpg 300w, https:\/\/zspolczyn.edu.pl\/wp-content\/uploads\/2026\/02\/1000068581-edited-1149x1536.jpg 1149w, https:\/\/zspolczyn.edu.pl\/wp-content\/uploads\/2026\/02\/1000068581-edited-1532x2048.jpg 1532w, https:\/\/zspolczyn.edu.pl\/wp-content\/uploads\/2026\/02\/1000068581-edited-262x350.jpg 262w\" data-sizes=\"(max-width: 1915px) 100vw, 1915px\" src=\"data:image\/svg+xml;base64,PHN2ZyB3aWR0aD0iMSIgaGVpZ2h0PSIxIiB4bWxucz0iaHR0cDovL3d3dy53My5vcmcvMjAwMC9zdmciPjwvc3ZnPg==\" style=\"--smush-placeholder-width: 1915px; --smush-placeholder-aspect-ratio: 1915\/2560;\" \/><figcaption class=\"wp-element-caption\"><strong>Prof Tadeusz Szatkowski (1943 &#8211; 2009)<\/strong><\/figcaption><\/figure>\n<\/div><\/div>\n\n\n\n<figure class=\"wp-block-image size-large\"><img decoding=\"async\" width=\"1024\" height=\"480\" data-src=\"http:\/\/zspolczyn.edu.pl\/wp-content\/uploads\/2026\/02\/TS-1024x480.jpg\" alt=\"\" class=\"wp-image-9726 lazyload\" data-srcset=\"https:\/\/zspolczyn.edu.pl\/wp-content\/uploads\/2026\/02\/TS-1024x480.jpg 1024w, https:\/\/zspolczyn.edu.pl\/wp-content\/uploads\/2026\/02\/TS-300x141.jpg 300w, https:\/\/zspolczyn.edu.pl\/wp-content\/uploads\/2026\/02\/TS-768x360.jpg 768w, https:\/\/zspolczyn.edu.pl\/wp-content\/uploads\/2026\/02\/TS-746x350.jpg 746w, https:\/\/zspolczyn.edu.pl\/wp-content\/uploads\/2026\/02\/TS.jpg 1439w\" data-sizes=\"(max-width: 1024px) 100vw, 1024px\" src=\"data:image\/svg+xml;base64,PHN2ZyB3aWR0aD0iMSIgaGVpZ2h0PSIxIiB4bWxucz0iaHR0cDovL3d3dy53My5vcmcvMjAwMC9zdmciPjwvc3ZnPg==\" style=\"--smush-placeholder-width: 1024px; --smush-placeholder-aspect-ratio: 1024\/480;\" \/><\/figure>\n\n\n\n<p><\/p>\n\n\n<div class=\"wp-block-image\">\n<figure class=\"aligncenter size-large\"><img decoding=\"async\" width=\"768\" height=\"1024\" data-src=\"http:\/\/zspolczyn.edu.pl\/wp-content\/uploads\/2026\/02\/1000068575-768x1024.jpg\" alt=\"\" class=\"wp-image-9720 lazyload\" data-srcset=\"https:\/\/zspolczyn.edu.pl\/wp-content\/uploads\/2026\/02\/1000068575-768x1024.jpg 768w, https:\/\/zspolczyn.edu.pl\/wp-content\/uploads\/2026\/02\/1000068575-225x300.jpg 225w, https:\/\/zspolczyn.edu.pl\/wp-content\/uploads\/2026\/02\/1000068575-300x400.jpg 300w, https:\/\/zspolczyn.edu.pl\/wp-content\/uploads\/2026\/02\/1000068575-1152x1536.jpg 1152w, https:\/\/zspolczyn.edu.pl\/wp-content\/uploads\/2026\/02\/1000068575-1536x2048.jpg 1536w, https:\/\/zspolczyn.edu.pl\/wp-content\/uploads\/2026\/02\/1000068575-263x350.jpg 263w, https:\/\/zspolczyn.edu.pl\/wp-content\/uploads\/2026\/02\/1000068575-scaled.jpg 1920w\" data-sizes=\"(max-width: 768px) 100vw, 768px\" src=\"data:image\/svg+xml;base64,PHN2ZyB3aWR0aD0iMSIgaGVpZ2h0PSIxIiB4bWxucz0iaHR0cDovL3d3dy53My5vcmcvMjAwMC9zdmciPjwvc3ZnPg==\" style=\"--smush-placeholder-width: 768px; --smush-placeholder-aspect-ratio: 768\/1024;\" \/><figcaption class=\"wp-element-caption\"><strong>Prof Jerzy Ludwicki (1936 &#8211; 2020)<\/strong><\/figcaption><\/figure>\n<\/div>\n\n\n<figure class=\"wp-block-image size-large\"><img decoding=\"async\" width=\"1024\" height=\"489\" data-src=\"http:\/\/zspolczyn.edu.pl\/wp-content\/uploads\/2026\/02\/JL-1024x489.jpg\" alt=\"\" class=\"wp-image-9727 lazyload\" data-srcset=\"https:\/\/zspolczyn.edu.pl\/wp-content\/uploads\/2026\/02\/JL-1024x489.jpg 1024w, https:\/\/zspolczyn.edu.pl\/wp-content\/uploads\/2026\/02\/JL-300x143.jpg 300w, https:\/\/zspolczyn.edu.pl\/wp-content\/uploads\/2026\/02\/JL-768x366.jpg 768w, https:\/\/zspolczyn.edu.pl\/wp-content\/uploads\/2026\/02\/JL-734x350.jpg 734w, https:\/\/zspolczyn.edu.pl\/wp-content\/uploads\/2026\/02\/JL.jpg 1440w\" data-sizes=\"(max-width: 1024px) 100vw, 1024px\" src=\"data:image\/svg+xml;base64,PHN2ZyB3aWR0aD0iMSIgaGVpZ2h0PSIxIiB4bWxucz0iaHR0cDovL3d3dy53My5vcmcvMjAwMC9zdmciPjwvc3ZnPg==\" style=\"--smush-placeholder-width: 1024px; --smush-placeholder-aspect-ratio: 1024\/489;\" \/><\/figure>\n\n\n\n<p><\/p>\n\n\n\n<figure class=\"wp-block-image size-large\"><img decoding=\"async\" width=\"1024\" height=\"766\" data-src=\"http:\/\/zspolczyn.edu.pl\/wp-content\/uploads\/2026\/02\/1000068561-1024x766.jpg\" alt=\"\" class=\"wp-image-9719 lazyload\" data-srcset=\"https:\/\/zspolczyn.edu.pl\/wp-content\/uploads\/2026\/02\/1000068561-1024x766.jpg 1024w, https:\/\/zspolczyn.edu.pl\/wp-content\/uploads\/2026\/02\/1000068561-300x224.jpg 300w, https:\/\/zspolczyn.edu.pl\/wp-content\/uploads\/2026\/02\/1000068561-768x574.jpg 768w, https:\/\/zspolczyn.edu.pl\/wp-content\/uploads\/2026\/02\/1000068561-1536x1149.jpg 1536w, https:\/\/zspolczyn.edu.pl\/wp-content\/uploads\/2026\/02\/1000068561-2048x1532.jpg 2048w, https:\/\/zspolczyn.edu.pl\/wp-content\/uploads\/2026\/02\/1000068561-468x350.jpg 468w\" data-sizes=\"(max-width: 1024px) 100vw, 1024px\" src=\"data:image\/svg+xml;base64,PHN2ZyB3aWR0aD0iMSIgaGVpZ2h0PSIxIiB4bWxucz0iaHR0cDovL3d3dy53My5vcmcvMjAwMC9zdmciPjwvc3ZnPg==\" style=\"--smush-placeholder-width: 1024px; --smush-placeholder-aspect-ratio: 1024\/766;\" \/><figcaption class=\"wp-element-caption\"><strong>Prof Olga Cybulska (1893 &#8211; 1985)<\/strong><\/figcaption><\/figure>\n\n\n\n<figure class=\"wp-block-image size-large\"><img decoding=\"async\" width=\"1024\" height=\"491\" data-src=\"http:\/\/zspolczyn.edu.pl\/wp-content\/uploads\/2026\/02\/OC-1024x491.jpg\" alt=\"\" class=\"wp-image-9729 lazyload\" data-srcset=\"https:\/\/zspolczyn.edu.pl\/wp-content\/uploads\/2026\/02\/OC-1024x491.jpg 1024w, https:\/\/zspolczyn.edu.pl\/wp-content\/uploads\/2026\/02\/OC-300x144.jpg 300w, https:\/\/zspolczyn.edu.pl\/wp-content\/uploads\/2026\/02\/OC-768x369.jpg 768w, https:\/\/zspolczyn.edu.pl\/wp-content\/uploads\/2026\/02\/OC-729x350.jpg 729w, https:\/\/zspolczyn.edu.pl\/wp-content\/uploads\/2026\/02\/OC.jpg 1438w\" data-sizes=\"(max-width: 1024px) 100vw, 1024px\" src=\"data:image\/svg+xml;base64,PHN2ZyB3aWR0aD0iMSIgaGVpZ2h0PSIxIiB4bWxucz0iaHR0cDovL3d3dy53My5vcmcvMjAwMC9zdmciPjwvc3ZnPg==\" style=\"--smush-placeholder-width: 1024px; --smush-placeholder-aspect-ratio: 1024\/491;\" \/><\/figure>\n\n\n\n<p><\/p>\n\n\n\n<figure class=\"wp-block-image size-large\"><img decoding=\"async\" width=\"1915\" height=\"2560\" data-src=\"https:\/\/zspolczyn.edu.pl\/wp-content\/uploads\/2026\/02\/1000068553-edited-scaled.jpg\" alt=\"\" class=\"wp-image-9730 lazyload\" data-srcset=\"https:\/\/zspolczyn.edu.pl\/wp-content\/uploads\/2026\/02\/1000068553-edited-scaled.jpg 1915w, https:\/\/zspolczyn.edu.pl\/wp-content\/uploads\/2026\/02\/1000068553-edited-224x300.jpg 224w, https:\/\/zspolczyn.edu.pl\/wp-content\/uploads\/2026\/02\/1000068553-edited-766x1024.jpg 766w, https:\/\/zspolczyn.edu.pl\/wp-content\/uploads\/2026\/02\/1000068553-edited-768x1027.jpg 768w, https:\/\/zspolczyn.edu.pl\/wp-content\/uploads\/2026\/02\/1000068553-edited-300x400.jpg 300w, https:\/\/zspolczyn.edu.pl\/wp-content\/uploads\/2026\/02\/1000068553-edited-1149x1536.jpg 1149w, https:\/\/zspolczyn.edu.pl\/wp-content\/uploads\/2026\/02\/1000068553-edited-1532x2048.jpg 1532w, https:\/\/zspolczyn.edu.pl\/wp-content\/uploads\/2026\/02\/1000068553-edited-262x350.jpg 262w\" data-sizes=\"(max-width: 1915px) 100vw, 1915px\" src=\"data:image\/svg+xml;base64,PHN2ZyB3aWR0aD0iMSIgaGVpZ2h0PSIxIiB4bWxucz0iaHR0cDovL3d3dy53My5vcmcvMjAwMC9zdmciPjwvc3ZnPg==\" style=\"--smush-placeholder-width: 1915px; --smush-placeholder-aspect-ratio: 1915\/2560;\" \/><figcaption class=\"wp-element-caption\"><strong>Prof Teresa Kami\u0144ska (1938 &#8211; 2025)<\/strong><\/figcaption><\/figure>\n\n\n\n<figure class=\"wp-block-image size-large\"><img decoding=\"async\" width=\"1024\" height=\"489\" data-src=\"http:\/\/zspolczyn.edu.pl\/wp-content\/uploads\/2026\/02\/TK-1024x489.jpg\" alt=\"\" class=\"wp-image-9731 lazyload\" data-srcset=\"https:\/\/zspolczyn.edu.pl\/wp-content\/uploads\/2026\/02\/TK-1024x489.jpg 1024w, https:\/\/zspolczyn.edu.pl\/wp-content\/uploads\/2026\/02\/TK-300x143.jpg 300w, https:\/\/zspolczyn.edu.pl\/wp-content\/uploads\/2026\/02\/TK-768x367.jpg 768w, https:\/\/zspolczyn.edu.pl\/wp-content\/uploads\/2026\/02\/TK-733x350.jpg 733w, https:\/\/zspolczyn.edu.pl\/wp-content\/uploads\/2026\/02\/TK.jpg 1443w\" data-sizes=\"(max-width: 1024px) 100vw, 1024px\" src=\"data:image\/svg+xml;base64,PHN2ZyB3aWR0aD0iMSIgaGVpZ2h0PSIxIiB4bWxucz0iaHR0cDovL3d3dy53My5vcmcvMjAwMC9zdmciPjwvc3ZnPg==\" style=\"--smush-placeholder-width: 1024px; --smush-placeholder-aspect-ratio: 1024\/489;\" \/><\/figure>\n\n\n\n<p><\/p>\n\n\n\n<figure class=\"wp-block-image size-large\"><img decoding=\"async\" width=\"1600\" height=\"1197\" data-src=\"https:\/\/zspolczyn.edu.pl\/wp-content\/uploads\/2026\/02\/1000068539-edited.jpg\" alt=\"\" class=\"wp-image-9733 lazyload\" data-srcset=\"https:\/\/zspolczyn.edu.pl\/wp-content\/uploads\/2026\/02\/1000068539-edited.jpg 1600w, https:\/\/zspolczyn.edu.pl\/wp-content\/uploads\/2026\/02\/1000068539-edited-300x224.jpg 300w, https:\/\/zspolczyn.edu.pl\/wp-content\/uploads\/2026\/02\/1000068539-edited-1024x766.jpg 1024w, https:\/\/zspolczyn.edu.pl\/wp-content\/uploads\/2026\/02\/1000068539-edited-768x575.jpg 768w, https:\/\/zspolczyn.edu.pl\/wp-content\/uploads\/2026\/02\/1000068539-edited-1536x1149.jpg 1536w, https:\/\/zspolczyn.edu.pl\/wp-content\/uploads\/2026\/02\/1000068539-edited-468x350.jpg 468w\" data-sizes=\"(max-width: 1600px) 100vw, 1600px\" src=\"data:image\/svg+xml;base64,PHN2ZyB3aWR0aD0iMSIgaGVpZ2h0PSIxIiB4bWxucz0iaHR0cDovL3d3dy53My5vcmcvMjAwMC9zdmciPjwvc3ZnPg==\" style=\"--smush-placeholder-width: 1600px; --smush-placeholder-aspect-ratio: 1600\/1197;\" \/><figcaption class=\"wp-element-caption\"><strong>Prof Jerzy Siliczak (1933 &#8211; 1989)<\/strong><\/figcaption><\/figure>\n\n\n\n<figure class=\"wp-block-image size-large\"><img decoding=\"async\" width=\"1024\" height=\"488\" data-src=\"http:\/\/zspolczyn.edu.pl\/wp-content\/uploads\/2026\/02\/JS-1024x488.jpg\" alt=\"\" class=\"wp-image-9732 lazyload\" data-srcset=\"https:\/\/zspolczyn.edu.pl\/wp-content\/uploads\/2026\/02\/JS-1024x488.jpg 1024w, https:\/\/zspolczyn.edu.pl\/wp-content\/uploads\/2026\/02\/JS-300x143.jpg 300w, https:\/\/zspolczyn.edu.pl\/wp-content\/uploads\/2026\/02\/JS-768x366.jpg 768w, https:\/\/zspolczyn.edu.pl\/wp-content\/uploads\/2026\/02\/JS-734x350.jpg 734w, https:\/\/zspolczyn.edu.pl\/wp-content\/uploads\/2026\/02\/JS.jpg 1443w\" data-sizes=\"(max-width: 1024px) 100vw, 1024px\" src=\"data:image\/svg+xml;base64,PHN2ZyB3aWR0aD0iMSIgaGVpZ2h0PSIxIiB4bWxucz0iaHR0cDovL3d3dy53My5vcmcvMjAwMC9zdmciPjwvc3ZnPg==\" style=\"--smush-placeholder-width: 1024px; --smush-placeholder-aspect-ratio: 1024\/488;\" \/><\/figure>\n\n\n\n<p><\/p>\n\n\n<div class=\"wp-block-image\">\n<figure class=\"aligncenter size-large\"><img decoding=\"async\" width=\"766\" height=\"1024\" data-src=\"http:\/\/zspolczyn.edu.pl\/wp-content\/uploads\/2026\/02\/1000068533-766x1024.jpg\" alt=\"\" class=\"wp-image-9716 lazyload\" data-srcset=\"https:\/\/zspolczyn.edu.pl\/wp-content\/uploads\/2026\/02\/1000068533-766x1024.jpg 766w, https:\/\/zspolczyn.edu.pl\/wp-content\/uploads\/2026\/02\/1000068533-224x300.jpg 224w, https:\/\/zspolczyn.edu.pl\/wp-content\/uploads\/2026\/02\/1000068533-768x1027.jpg 768w, https:\/\/zspolczyn.edu.pl\/wp-content\/uploads\/2026\/02\/1000068533-300x400.jpg 300w, https:\/\/zspolczyn.edu.pl\/wp-content\/uploads\/2026\/02\/1000068533-1149x1536.jpg 1149w, https:\/\/zspolczyn.edu.pl\/wp-content\/uploads\/2026\/02\/1000068533-1532x2048.jpg 1532w, https:\/\/zspolczyn.edu.pl\/wp-content\/uploads\/2026\/02\/1000068533-262x350.jpg 262w, https:\/\/zspolczyn.edu.pl\/wp-content\/uploads\/2026\/02\/1000068533-scaled.jpg 1915w\" data-sizes=\"(max-width: 766px) 100vw, 766px\" src=\"data:image\/svg+xml;base64,PHN2ZyB3aWR0aD0iMSIgaGVpZ2h0PSIxIiB4bWxucz0iaHR0cDovL3d3dy53My5vcmcvMjAwMC9zdmciPjwvc3ZnPg==\" style=\"--smush-placeholder-width: 766px; --smush-placeholder-aspect-ratio: 766\/1024;\" \/><figcaption class=\"wp-element-caption\"><strong>Prof Stefan Myca (1961 &#8211; 2020)<\/strong><\/figcaption><\/figure>\n<\/div>\n\n\n<figure class=\"wp-block-image size-large\"><img decoding=\"async\" width=\"1024\" height=\"494\" data-src=\"http:\/\/zspolczyn.edu.pl\/wp-content\/uploads\/2026\/02\/SM-1024x494.jpg\" alt=\"\" class=\"wp-image-9734 lazyload\" data-srcset=\"https:\/\/zspolczyn.edu.pl\/wp-content\/uploads\/2026\/02\/SM-1024x494.jpg 1024w, https:\/\/zspolczyn.edu.pl\/wp-content\/uploads\/2026\/02\/SM-300x145.jpg 300w, https:\/\/zspolczyn.edu.pl\/wp-content\/uploads\/2026\/02\/SM-768x371.jpg 768w, https:\/\/zspolczyn.edu.pl\/wp-content\/uploads\/2026\/02\/SM-725x350.jpg 725w, https:\/\/zspolczyn.edu.pl\/wp-content\/uploads\/2026\/02\/SM.jpg 1433w\" data-sizes=\"(max-width: 1024px) 100vw, 1024px\" src=\"data:image\/svg+xml;base64,PHN2ZyB3aWR0aD0iMSIgaGVpZ2h0PSIxIiB4bWxucz0iaHR0cDovL3d3dy53My5vcmcvMjAwMC9zdmciPjwvc3ZnPg==\" style=\"--smush-placeholder-width: 1024px; --smush-placeholder-aspect-ratio: 1024\/494;\" \/><\/figure>\n\n\n\n<p><\/p>\n\n\n<div class=\"wp-block-image\">\n<figure class=\"aligncenter size-large\"><img decoding=\"async\" width=\"766\" height=\"1024\" data-src=\"http:\/\/zspolczyn.edu.pl\/wp-content\/uploads\/2026\/02\/1000068517-766x1024.jpg\" alt=\"\" class=\"wp-image-9714 lazyload\" data-srcset=\"https:\/\/zspolczyn.edu.pl\/wp-content\/uploads\/2026\/02\/1000068517-766x1024.jpg 766w, https:\/\/zspolczyn.edu.pl\/wp-content\/uploads\/2026\/02\/1000068517-224x300.jpg 224w, https:\/\/zspolczyn.edu.pl\/wp-content\/uploads\/2026\/02\/1000068517-768x1027.jpg 768w, https:\/\/zspolczyn.edu.pl\/wp-content\/uploads\/2026\/02\/1000068517-300x400.jpg 300w, https:\/\/zspolczyn.edu.pl\/wp-content\/uploads\/2026\/02\/1000068517-1149x1536.jpg 1149w, https:\/\/zspolczyn.edu.pl\/wp-content\/uploads\/2026\/02\/1000068517-1532x2048.jpg 1532w, https:\/\/zspolczyn.edu.pl\/wp-content\/uploads\/2026\/02\/1000068517-262x350.jpg 262w, https:\/\/zspolczyn.edu.pl\/wp-content\/uploads\/2026\/02\/1000068517-scaled.jpg 1915w\" data-sizes=\"(max-width: 766px) 100vw, 766px\" src=\"data:image\/svg+xml;base64,PHN2ZyB3aWR0aD0iMSIgaGVpZ2h0PSIxIiB4bWxucz0iaHR0cDovL3d3dy53My5vcmcvMjAwMC9zdmciPjwvc3ZnPg==\" style=\"--smush-placeholder-width: 766px; --smush-placeholder-aspect-ratio: 766\/1024;\" \/><figcaption class=\"wp-element-caption\"><strong>Prof Julia Liwarska (1948 &#8211; 2019) <\/strong><\/figcaption><\/figure>\n<\/div>\n\n\n<figure class=\"wp-block-image size-large\"><img decoding=\"async\" width=\"1024\" height=\"492\" data-src=\"http:\/\/zspolczyn.edu.pl\/wp-content\/uploads\/2026\/02\/Ju-L-1024x492.jpg\" alt=\"\" class=\"wp-image-9735 lazyload\" data-srcset=\"https:\/\/zspolczyn.edu.pl\/wp-content\/uploads\/2026\/02\/Ju-L-1024x492.jpg 1024w, https:\/\/zspolczyn.edu.pl\/wp-content\/uploads\/2026\/02\/Ju-L-300x144.jpg 300w, https:\/\/zspolczyn.edu.pl\/wp-content\/uploads\/2026\/02\/Ju-L-768x369.jpg 768w, https:\/\/zspolczyn.edu.pl\/wp-content\/uploads\/2026\/02\/Ju-L-728x350.jpg 728w, https:\/\/zspolczyn.edu.pl\/wp-content\/uploads\/2026\/02\/Ju-L.jpg 1441w\" data-sizes=\"(max-width: 1024px) 100vw, 1024px\" src=\"data:image\/svg+xml;base64,PHN2ZyB3aWR0aD0iMSIgaGVpZ2h0PSIxIiB4bWxucz0iaHR0cDovL3d3dy53My5vcmcvMjAwMC9zdmciPjwvc3ZnPg==\" style=\"--smush-placeholder-width: 1024px; --smush-placeholder-aspect-ratio: 1024\/492;\" \/><\/figure>\n\n\n\n<p><\/p>\n\n\n<div class=\"wp-block-image\">\n<figure class=\"aligncenter size-large\"><img decoding=\"async\" width=\"766\" height=\"1024\" data-src=\"http:\/\/zspolczyn.edu.pl\/wp-content\/uploads\/2026\/02\/1000068511-766x1024.jpg\" alt=\"\" class=\"wp-image-9713 lazyload\" data-srcset=\"https:\/\/zspolczyn.edu.pl\/wp-content\/uploads\/2026\/02\/1000068511-766x1024.jpg 766w, https:\/\/zspolczyn.edu.pl\/wp-content\/uploads\/2026\/02\/1000068511-224x300.jpg 224w, https:\/\/zspolczyn.edu.pl\/wp-content\/uploads\/2026\/02\/1000068511-768x1027.jpg 768w, https:\/\/zspolczyn.edu.pl\/wp-content\/uploads\/2026\/02\/1000068511-300x400.jpg 300w, https:\/\/zspolczyn.edu.pl\/wp-content\/uploads\/2026\/02\/1000068511-1149x1536.jpg 1149w, https:\/\/zspolczyn.edu.pl\/wp-content\/uploads\/2026\/02\/1000068511-1532x2048.jpg 1532w, https:\/\/zspolczyn.edu.pl\/wp-content\/uploads\/2026\/02\/1000068511-262x350.jpg 262w, https:\/\/zspolczyn.edu.pl\/wp-content\/uploads\/2026\/02\/1000068511-scaled.jpg 1915w\" data-sizes=\"(max-width: 766px) 100vw, 766px\" src=\"data:image\/svg+xml;base64,PHN2ZyB3aWR0aD0iMSIgaGVpZ2h0PSIxIiB4bWxucz0iaHR0cDovL3d3dy53My5vcmcvMjAwMC9zdmciPjwvc3ZnPg==\" style=\"--smush-placeholder-width: 766px; --smush-placeholder-aspect-ratio: 766\/1024;\" \/><figcaption class=\"wp-element-caption\"><strong>Prof Jan Lehmann (1954 &#8211; 2014)<\/strong><\/figcaption><\/figure>\n<\/div>\n\n\n<figure class=\"wp-block-image size-large\"><img decoding=\"async\" width=\"1024\" height=\"492\" data-src=\"http:\/\/zspolczyn.edu.pl\/wp-content\/uploads\/2026\/02\/Janek-1024x492.jpg\" alt=\"\" class=\"wp-image-9736 lazyload\" data-srcset=\"https:\/\/zspolczyn.edu.pl\/wp-content\/uploads\/2026\/02\/Janek-1024x492.jpg 1024w, https:\/\/zspolczyn.edu.pl\/wp-content\/uploads\/2026\/02\/Janek-300x144.jpg 300w, https:\/\/zspolczyn.edu.pl\/wp-content\/uploads\/2026\/02\/Janek-768x369.jpg 768w, https:\/\/zspolczyn.edu.pl\/wp-content\/uploads\/2026\/02\/Janek-728x350.jpg 728w, https:\/\/zspolczyn.edu.pl\/wp-content\/uploads\/2026\/02\/Janek.jpg 1440w\" data-sizes=\"(max-width: 1024px) 100vw, 1024px\" src=\"data:image\/svg+xml;base64,PHN2ZyB3aWR0aD0iMSIgaGVpZ2h0PSIxIiB4bWxucz0iaHR0cDovL3d3dy53My5vcmcvMjAwMC9zdmciPjwvc3ZnPg==\" style=\"--smush-placeholder-width: 1024px; --smush-placeholder-aspect-ratio: 1024\/492;\" \/><\/figure>\n\n\n\n<p><\/p>\n","protected":false},"excerpt":{"rendered":"","protected":false},"author":1,"featured_media":0,"parent":9409,"menu_order":12,"comment_status":"closed","ping_status":"closed","template":"","meta":{"footnotes":""},"class_list":["post-9543","page","type-page","status-publish","hentry"],"_links":{"self":[{"href":"https:\/\/zspolczyn.edu.pl\/index.php?rest_route=\/wp\/v2\/pages\/9543","targetHints":{"allow":["GET"]}}],"collection":[{"href":"https:\/\/zspolczyn.edu.pl\/index.php?rest_route=\/wp\/v2\/pages"}],"about":[{"href":"https:\/\/zspolczyn.edu.pl\/index.php?rest_route=\/wp\/v2\/types\/page"}],"author":[{"embeddable":true,"href":"https:\/\/zspolczyn.edu.pl\/index.php?rest_route=\/wp\/v2\/users\/1"}],"replies":[{"embeddable":true,"href":"https:\/\/zspolczyn.edu.pl\/index.php?rest_route=%2Fwp%2Fv2%2Fcomments&post=9543"}],"version-history":[{"count":3,"href":"https:\/\/zspolczyn.edu.pl\/index.php?rest_route=\/wp\/v2\/pages\/9543\/revisions"}],"predecessor-version":[{"id":9740,"href":"https:\/\/zspolczyn.edu.pl\/index.php?rest_route=\/wp\/v2\/pages\/9543\/revisions\/9740"}],"up":[{"embeddable":true,"href":"https:\/\/zspolczyn.edu.pl\/index.php?rest_route=\/wp\/v2\/pages\/9409"}],"wp:attachment":[{"href":"https:\/\/zspolczyn.edu.pl\/index.php?rest_route=%2Fwp%2Fv2%2Fmedia&parent=9543"}],"curies":[{"name":"wp","href":"https:\/\/api.w.org\/{rel}","templated":true}]}}