{"id":9545,"date":"2025-12-17T16:46:30","date_gmt":"2025-12-17T15:46:30","guid":{"rendered":"https:\/\/zspolczyn.edu.pl\/?page_id=9545"},"modified":"2026-02-26T11:35:36","modified_gmt":"2026-02-26T10:35:36","slug":"grudzien-2025","status":"publish","type":"page","link":"https:\/\/zspolczyn.edu.pl\/?page_id=9545","title":{"rendered":"Grudzie\u0144 2025"},"content":{"rendered":"\n<p>Wraz z grudniow\u0105 aur\u0105 i prezentami pod choink\u0105, spieszymy do Pa\u0144stwa z ma\u0142\u0105 niespodziank\u0105 \ud83d\ude42 <br>Przed Wami pierwsze wpisy do szkolnej kroniki. Niekt\u00f3rzy mieli okazj\u0119 osobi\u015bcie przegl\u0105da\u0107 t\u0119 bezcenn\u0105 pami\u0105tk\u0119, lecz z uwagi na jej stan, nie jest to ju\u017c mo\u017cliwe.<\/p>\n\n\n\n<p><br><\/p>\n\n\n\n<figure class=\"wp-block-image size-large\"><img fetchpriority=\"high\" decoding=\"async\" width=\"673\" height=\"1024\" src=\"http:\/\/zspolczyn.edu.pl\/wp-content\/uploads\/2026\/02\/Zrzut-ekranu_16-2-2026_114115_-673x1024.jpeg\" alt=\"\" class=\"wp-image-9742\" srcset=\"https:\/\/zspolczyn.edu.pl\/wp-content\/uploads\/2026\/02\/Zrzut-ekranu_16-2-2026_114115_-673x1024.jpeg 673w, https:\/\/zspolczyn.edu.pl\/wp-content\/uploads\/2026\/02\/Zrzut-ekranu_16-2-2026_114115_-197x300.jpeg 197w, https:\/\/zspolczyn.edu.pl\/wp-content\/uploads\/2026\/02\/Zrzut-ekranu_16-2-2026_114115_-768x1168.jpeg 768w, https:\/\/zspolczyn.edu.pl\/wp-content\/uploads\/2026\/02\/Zrzut-ekranu_16-2-2026_114115_-230x350.jpeg 230w, https:\/\/zspolczyn.edu.pl\/wp-content\/uploads\/2026\/02\/Zrzut-ekranu_16-2-2026_114115_.jpeg 842w\" sizes=\"(max-width: 673px) 100vw, 673px\" \/><\/figure>\n\n\n\n<p><\/p>\n\n\n\n<figure class=\"wp-block-image size-full\"><img decoding=\"async\" width=\"910\" height=\"645\" data-src=\"http:\/\/zspolczyn.edu.pl\/wp-content\/uploads\/2026\/02\/hist-szkoly-cd.jpg\" alt=\"\" class=\"wp-image-9750 lazyload\" data-srcset=\"https:\/\/zspolczyn.edu.pl\/wp-content\/uploads\/2026\/02\/hist-szkoly-cd.jpg 910w, https:\/\/zspolczyn.edu.pl\/wp-content\/uploads\/2026\/02\/hist-szkoly-cd-300x213.jpg 300w, https:\/\/zspolczyn.edu.pl\/wp-content\/uploads\/2026\/02\/hist-szkoly-cd-768x544.jpg 768w, https:\/\/zspolczyn.edu.pl\/wp-content\/uploads\/2026\/02\/hist-szkoly-cd-494x350.jpg 494w\" data-sizes=\"(max-width: 910px) 100vw, 910px\" src=\"data:image\/svg+xml;base64,PHN2ZyB3aWR0aD0iMSIgaGVpZ2h0PSIxIiB4bWxucz0iaHR0cDovL3d3dy53My5vcmcvMjAwMC9zdmciPjwvc3ZnPg==\" style=\"--smush-placeholder-width: 910px; --smush-placeholder-aspect-ratio: 910\/645;\" \/><\/figure>\n\n\n\n<p><\/p>\n\n\n\n<figure class=\"wp-block-image size-large\"><img decoding=\"async\" width=\"1024\" height=\"721\" data-src=\"http:\/\/zspolczyn.edu.pl\/wp-content\/uploads\/2026\/02\/Zrzut-ekranu_16-2-2026_114338_-1024x721.jpeg\" alt=\"\" class=\"wp-image-9743 lazyload\" data-srcset=\"https:\/\/zspolczyn.edu.pl\/wp-content\/uploads\/2026\/02\/Zrzut-ekranu_16-2-2026_114338_-1024x721.jpeg 1024w, https:\/\/zspolczyn.edu.pl\/wp-content\/uploads\/2026\/02\/Zrzut-ekranu_16-2-2026_114338_-300x211.jpeg 300w, https:\/\/zspolczyn.edu.pl\/wp-content\/uploads\/2026\/02\/Zrzut-ekranu_16-2-2026_114338_-768x540.jpeg 768w, https:\/\/zspolczyn.edu.pl\/wp-content\/uploads\/2026\/02\/Zrzut-ekranu_16-2-2026_114338_-1536x1081.jpeg 1536w, https:\/\/zspolczyn.edu.pl\/wp-content\/uploads\/2026\/02\/Zrzut-ekranu_16-2-2026_114338_-497x350.jpeg 497w, https:\/\/zspolczyn.edu.pl\/wp-content\/uploads\/2026\/02\/Zrzut-ekranu_16-2-2026_114338_.jpeg 1569w\" data-sizes=\"(max-width: 1024px) 100vw, 1024px\" src=\"data:image\/svg+xml;base64,PHN2ZyB3aWR0aD0iMSIgaGVpZ2h0PSIxIiB4bWxucz0iaHR0cDovL3d3dy53My5vcmcvMjAwMC9zdmciPjwvc3ZnPg==\" style=\"--smush-placeholder-width: 1024px; --smush-placeholder-aspect-ratio: 1024\/721;\" \/><\/figure>\n\n\n\n<p><\/p>\n\n\n\n<figure class=\"wp-block-image size-large\"><img decoding=\"async\" width=\"1024\" height=\"723\" data-src=\"http:\/\/zspolczyn.edu.pl\/wp-content\/uploads\/2026\/02\/Zrzut-ekranu_16-2-2026_114449_-1024x723.jpeg\" alt=\"\" class=\"wp-image-9744 lazyload\" data-srcset=\"https:\/\/zspolczyn.edu.pl\/wp-content\/uploads\/2026\/02\/Zrzut-ekranu_16-2-2026_114449_-1024x723.jpeg 1024w, https:\/\/zspolczyn.edu.pl\/wp-content\/uploads\/2026\/02\/Zrzut-ekranu_16-2-2026_114449_-300x212.jpeg 300w, https:\/\/zspolczyn.edu.pl\/wp-content\/uploads\/2026\/02\/Zrzut-ekranu_16-2-2026_114449_-768x542.jpeg 768w, https:\/\/zspolczyn.edu.pl\/wp-content\/uploads\/2026\/02\/Zrzut-ekranu_16-2-2026_114449_-1536x1085.jpeg 1536w, https:\/\/zspolczyn.edu.pl\/wp-content\/uploads\/2026\/02\/Zrzut-ekranu_16-2-2026_114449_-496x350.jpeg 496w, https:\/\/zspolczyn.edu.pl\/wp-content\/uploads\/2026\/02\/Zrzut-ekranu_16-2-2026_114449_.jpeg 1576w\" data-sizes=\"(max-width: 1024px) 100vw, 1024px\" src=\"data:image\/svg+xml;base64,PHN2ZyB3aWR0aD0iMSIgaGVpZ2h0PSIxIiB4bWxucz0iaHR0cDovL3d3dy53My5vcmcvMjAwMC9zdmciPjwvc3ZnPg==\" style=\"--smush-placeholder-width: 1024px; --smush-placeholder-aspect-ratio: 1024\/723;\" \/><\/figure>\n\n\n\n<p><\/p>\n\n\n\n<figure class=\"wp-block-image size-large\"><img decoding=\"async\" width=\"760\" height=\"1024\" data-src=\"http:\/\/zspolczyn.edu.pl\/wp-content\/uploads\/2026\/02\/Zrzut-ekranu_16-2-2026_114548_-760x1024.jpeg\" alt=\"\" class=\"wp-image-9745 lazyload\" data-srcset=\"https:\/\/zspolczyn.edu.pl\/wp-content\/uploads\/2026\/02\/Zrzut-ekranu_16-2-2026_114548_-760x1024.jpeg 760w, https:\/\/zspolczyn.edu.pl\/wp-content\/uploads\/2026\/02\/Zrzut-ekranu_16-2-2026_114548_-223x300.jpeg 223w, https:\/\/zspolczyn.edu.pl\/wp-content\/uploads\/2026\/02\/Zrzut-ekranu_16-2-2026_114548_-768x1035.jpeg 768w, https:\/\/zspolczyn.edu.pl\/wp-content\/uploads\/2026\/02\/Zrzut-ekranu_16-2-2026_114548_-260x350.jpeg 260w, https:\/\/zspolczyn.edu.pl\/wp-content\/uploads\/2026\/02\/Zrzut-ekranu_16-2-2026_114548_.jpeg 947w\" data-sizes=\"(max-width: 760px) 100vw, 760px\" src=\"data:image\/svg+xml;base64,PHN2ZyB3aWR0aD0iMSIgaGVpZ2h0PSIxIiB4bWxucz0iaHR0cDovL3d3dy53My5vcmcvMjAwMC9zdmciPjwvc3ZnPg==\" style=\"--smush-placeholder-width: 760px; --smush-placeholder-aspect-ratio: 760\/1024;\" \/><\/figure>\n\n\n\n<p><\/p>\n\n\n\n<figure class=\"wp-block-image size-large\"><img decoding=\"async\" width=\"679\" height=\"1024\" data-src=\"http:\/\/zspolczyn.edu.pl\/wp-content\/uploads\/2026\/02\/Zrzut-ekranu_16-2-2026_114731_-679x1024.jpeg\" alt=\"\" class=\"wp-image-9746 lazyload\" data-srcset=\"https:\/\/zspolczyn.edu.pl\/wp-content\/uploads\/2026\/02\/Zrzut-ekranu_16-2-2026_114731_-679x1024.jpeg 679w, https:\/\/zspolczyn.edu.pl\/wp-content\/uploads\/2026\/02\/Zrzut-ekranu_16-2-2026_114731_-199x300.jpeg 199w, https:\/\/zspolczyn.edu.pl\/wp-content\/uploads\/2026\/02\/Zrzut-ekranu_16-2-2026_114731_-768x1157.jpeg 768w, https:\/\/zspolczyn.edu.pl\/wp-content\/uploads\/2026\/02\/Zrzut-ekranu_16-2-2026_114731_-232x350.jpeg 232w, https:\/\/zspolczyn.edu.pl\/wp-content\/uploads\/2026\/02\/Zrzut-ekranu_16-2-2026_114731_.jpeg 844w\" data-sizes=\"(max-width: 679px) 100vw, 679px\" src=\"data:image\/svg+xml;base64,PHN2ZyB3aWR0aD0iMSIgaGVpZ2h0PSIxIiB4bWxucz0iaHR0cDovL3d3dy53My5vcmcvMjAwMC9zdmciPjwvc3ZnPg==\" style=\"--smush-placeholder-width: 679px; --smush-placeholder-aspect-ratio: 679\/1024;\" \/><\/figure>\n\n\n\n<p><\/p>\n\n\n\n<figure class=\"wp-block-image size-large\"><img decoding=\"async\" width=\"1024\" height=\"726\" data-src=\"http:\/\/zspolczyn.edu.pl\/wp-content\/uploads\/2026\/02\/Zrzut-ekranu_16-2-2026_114850_-1024x726.jpeg\" alt=\"\" class=\"wp-image-9747 lazyload\" data-srcset=\"https:\/\/zspolczyn.edu.pl\/wp-content\/uploads\/2026\/02\/Zrzut-ekranu_16-2-2026_114850_-1024x726.jpeg 1024w, https:\/\/zspolczyn.edu.pl\/wp-content\/uploads\/2026\/02\/Zrzut-ekranu_16-2-2026_114850_-300x213.jpeg 300w, https:\/\/zspolczyn.edu.pl\/wp-content\/uploads\/2026\/02\/Zrzut-ekranu_16-2-2026_114850_-768x544.jpeg 768w, https:\/\/zspolczyn.edu.pl\/wp-content\/uploads\/2026\/02\/Zrzut-ekranu_16-2-2026_114850_-1536x1088.jpeg 1536w, https:\/\/zspolczyn.edu.pl\/wp-content\/uploads\/2026\/02\/Zrzut-ekranu_16-2-2026_114850_-494x350.jpeg 494w, https:\/\/zspolczyn.edu.pl\/wp-content\/uploads\/2026\/02\/Zrzut-ekranu_16-2-2026_114850_.jpeg 1575w\" data-sizes=\"(max-width: 1024px) 100vw, 1024px\" src=\"data:image\/svg+xml;base64,PHN2ZyB3aWR0aD0iMSIgaGVpZ2h0PSIxIiB4bWxucz0iaHR0cDovL3d3dy53My5vcmcvMjAwMC9zdmciPjwvc3ZnPg==\" style=\"--smush-placeholder-width: 1024px; --smush-placeholder-aspect-ratio: 1024\/726;\" \/><\/figure>\n\n\n\n<p><\/p>\n\n\n\n<figure class=\"wp-block-image size-full\"><img decoding=\"async\" width=\"671\" height=\"495\" data-src=\"http:\/\/zspolczyn.edu.pl\/wp-content\/uploads\/2026\/02\/Zrzut-ekranu_16-2-2026_122117_.jpeg\" alt=\"\" class=\"wp-image-9749 lazyload\" data-srcset=\"https:\/\/zspolczyn.edu.pl\/wp-content\/uploads\/2026\/02\/Zrzut-ekranu_16-2-2026_122117_.jpeg 671w, https:\/\/zspolczyn.edu.pl\/wp-content\/uploads\/2026\/02\/Zrzut-ekranu_16-2-2026_122117_-300x221.jpeg 300w, https:\/\/zspolczyn.edu.pl\/wp-content\/uploads\/2026\/02\/Zrzut-ekranu_16-2-2026_122117_-474x350.jpeg 474w\" data-sizes=\"(max-width: 671px) 100vw, 671px\" src=\"data:image\/svg+xml;base64,PHN2ZyB3aWR0aD0iMSIgaGVpZ2h0PSIxIiB4bWxucz0iaHR0cDovL3d3dy53My5vcmcvMjAwMC9zdmciPjwvc3ZnPg==\" style=\"--smush-placeholder-width: 671px; --smush-placeholder-aspect-ratio: 671\/495;\" \/><\/figure>\n\n\n\n<p><\/p>\n\n\n\n<figure class=\"wp-block-image size-full\"><img decoding=\"async\" width=\"636\" height=\"815\" data-src=\"http:\/\/zspolczyn.edu.pl\/wp-content\/uploads\/2026\/02\/Zrzut-ekranu_16-2-2026_12445_.jpeg\" alt=\"\" class=\"wp-image-9755 lazyload\" data-srcset=\"https:\/\/zspolczyn.edu.pl\/wp-content\/uploads\/2026\/02\/Zrzut-ekranu_16-2-2026_12445_.jpeg 636w, https:\/\/zspolczyn.edu.pl\/wp-content\/uploads\/2026\/02\/Zrzut-ekranu_16-2-2026_12445_-234x300.jpeg 234w, https:\/\/zspolczyn.edu.pl\/wp-content\/uploads\/2026\/02\/Zrzut-ekranu_16-2-2026_12445_-273x350.jpeg 273w\" data-sizes=\"(max-width: 636px) 100vw, 636px\" src=\"data:image\/svg+xml;base64,PHN2ZyB3aWR0aD0iMSIgaGVpZ2h0PSIxIiB4bWxucz0iaHR0cDovL3d3dy53My5vcmcvMjAwMC9zdmciPjwvc3ZnPg==\" style=\"--smush-placeholder-width: 636px; --smush-placeholder-aspect-ratio: 636\/815;\" \/><\/figure>\n","protected":false},"excerpt":{"rendered":"","protected":false},"author":1,"featured_media":0,"parent":9409,"menu_order":11,"comment_status":"closed","ping_status":"closed","template":"","meta":{"footnotes":""},"class_list":["post-9545","page","type-page","status-publish","hentry"],"_links":{"self":[{"href":"https:\/\/zspolczyn.edu.pl\/index.php?rest_route=\/wp\/v2\/pages\/9545","targetHints":{"allow":["GET"]}}],"collection":[{"href":"https:\/\/zspolczyn.edu.pl\/index.php?rest_route=\/wp\/v2\/pages"}],"about":[{"href":"https:\/\/zspolczyn.edu.pl\/index.php?rest_route=\/wp\/v2\/types\/page"}],"author":[{"embeddable":true,"href":"https:\/\/zspolczyn.edu.pl\/index.php?rest_route=\/wp\/v2\/users\/1"}],"replies":[{"embeddable":true,"href":"https:\/\/zspolczyn.edu.pl\/index.php?rest_route=%2Fwp%2Fv2%2Fcomments&post=9545"}],"version-history":[{"count":4,"href":"https:\/\/zspolczyn.edu.pl\/index.php?rest_route=\/wp\/v2\/pages\/9545\/revisions"}],"predecessor-version":[{"id":9830,"href":"https:\/\/zspolczyn.edu.pl\/index.php?rest_route=\/wp\/v2\/pages\/9545\/revisions\/9830"}],"up":[{"embeddable":true,"href":"https:\/\/zspolczyn.edu.pl\/index.php?rest_route=\/wp\/v2\/pages\/9409"}],"wp:attachment":[{"href":"https:\/\/zspolczyn.edu.pl\/index.php?rest_route=%2Fwp%2Fv2%2Fmedia&parent=9545"}],"curies":[{"name":"wp","href":"https:\/\/api.w.org\/{rel}","templated":true}]}}