{"id":9803,"date":"2026-02-17T21:31:11","date_gmt":"2026-02-17T20:31:11","guid":{"rendered":"https:\/\/zspolczyn.edu.pl\/?page_id=9803"},"modified":"2026-02-26T11:46:40","modified_gmt":"2026-02-26T10:46:40","slug":"luty-2026","status":"publish","type":"page","link":"https:\/\/zspolczyn.edu.pl\/?page_id=9803","title":{"rendered":"Luty 2026"},"content":{"rendered":"\n<p><\/p>\n\n\n\n<p><\/p>\n\n\n\n<p>Po raz pierwszy projekt Erasmus+ tylko dla LO<br><br><img decoding=\"async\" height=\"16\" width=\"16\" data-src=\"https:\/\/static.xx.fbcdn.net\/images\/emoji.php\/v9\/te0\/1\/16\/1f1f5_1f1f1.png\" alt=\"\ud83c\uddf5\ud83c\uddf1\" src=\"data:image\/svg+xml;base64,PHN2ZyB3aWR0aD0iMSIgaGVpZ2h0PSIxIiB4bWxucz0iaHR0cDovL3d3dy53My5vcmcvMjAwMC9zdmciPjwvc3ZnPg==\" class=\"lazyload\" style=\"--smush-placeholder-width: 16px; --smush-placeholder-aspect-ratio: 16\/16;\"><img decoding=\"async\" height=\"16\" width=\"16\" data-src=\"https:\/\/static.xx.fbcdn.net\/images\/emoji.php\/v9\/te8\/1\/16\/1f1f5_1f1f9.png\" alt=\"\ud83c\uddf5\ud83c\uddf9\" src=\"data:image\/svg+xml;base64,PHN2ZyB3aWR0aD0iMSIgaGVpZ2h0PSIxIiB4bWxucz0iaHR0cDovL3d3dy53My5vcmcvMjAwMC9zdmciPjwvc3ZnPg==\" class=\"lazyload\" style=\"--smush-placeholder-width: 16px; --smush-placeholder-aspect-ratio: 16\/16;\"> Mobilno\u015b\u0107 nauczycielek w Portugalii, czyli program Erasmus+  otwiera si\u0119 na wsp\u00f3\u0142prac\u0119 z naszym Liceum<\/p>\n\n\n\n<p>Opr\u00f3cz realizacji programu job shadowingu oraz kursu dotycz\u0105cego przeciwdzia\u0142aniu wypaleniu zawodowemu, nauczycielki po\u0142czy\u0144skiego &#8222;Stacha&#8221; mia\u0142y r\u00f3wnie\u017c okazj\u0119 pozna\u0107 kultur\u0119 i histori\u0119 Portugalii.<\/p>\n\n\n\n<p>Podczas pobytu w Porto uczestniczki odkrywa\u0142y wyj\u0105tkow\u0105 architektur\u0119 miasta, spacerowa\u0142y klimatycznymi uliczkami Bragi oraz poznawa\u0142y dziedzictwo kulturowe regionu.<\/p>\n\n\n\n<p>Mobilno\u015b\u0107 Erasmus+ to nie tylko rozw\u00f3j zawodowy, ale tak\u017ce budowanie mi\u0119dzynarodowej perspektywy, otwarto\u015bci i inspiracji do dalszej pracy edukacyjnej.<\/p>\n\n\n\n<p>To do\u015bwiadczenie, kt\u00f3re wzbogaca nie tylko kompetencje, ale i spos\u00f3b patrzenia na edukacj\u0119.<\/p>\n\n\n\n<p>Projekt wspiera SeeLearnGo <img decoding=\"async\" height=\"16\" width=\"16\" alt=\"\ud83c\udf0d\" data-src=\"https:\/\/static.xx.fbcdn.net\/images\/emoji.php\/v9\/t3f\/1\/16\/1f30d.png\" src=\"data:image\/svg+xml;base64,PHN2ZyB3aWR0aD0iMSIgaGVpZ2h0PSIxIiB4bWxucz0iaHR0cDovL3d3dy53My5vcmcvMjAwMC9zdmciPjwvc3ZnPg==\" class=\"lazyload\" style=\"--smush-placeholder-width: 16px; --smush-placeholder-aspect-ratio: 16\/16;\"><\/p>\n\n\n\n<figure class=\"wp-block-image size-large\"><img decoding=\"async\" width=\"1024\" height=\"859\" data-src=\"http:\/\/zspolczyn.edu.pl\/wp-content\/uploads\/2026\/02\/634207641_122106780849238940_3815551648913574235_n-1024x859.jpg\" alt=\"\" class=\"wp-image-9832 lazyload\" data-srcset=\"https:\/\/zspolczyn.edu.pl\/wp-content\/uploads\/2026\/02\/634207641_122106780849238940_3815551648913574235_n-1024x859.jpg 1024w, https:\/\/zspolczyn.edu.pl\/wp-content\/uploads\/2026\/02\/634207641_122106780849238940_3815551648913574235_n-300x252.jpg 300w, https:\/\/zspolczyn.edu.pl\/wp-content\/uploads\/2026\/02\/634207641_122106780849238940_3815551648913574235_n-768x644.jpg 768w, https:\/\/zspolczyn.edu.pl\/wp-content\/uploads\/2026\/02\/634207641_122106780849238940_3815551648913574235_n-1536x1288.jpg 1536w, https:\/\/zspolczyn.edu.pl\/wp-content\/uploads\/2026\/02\/634207641_122106780849238940_3815551648913574235_n-417x350.jpg 417w, https:\/\/zspolczyn.edu.pl\/wp-content\/uploads\/2026\/02\/634207641_122106780849238940_3815551648913574235_n.jpg 2048w\" data-sizes=\"(max-width: 1024px) 100vw, 1024px\" src=\"data:image\/svg+xml;base64,PHN2ZyB3aWR0aD0iMSIgaGVpZ2h0PSIxIiB4bWxucz0iaHR0cDovL3d3dy53My5vcmcvMjAwMC9zdmciPjwvc3ZnPg==\" style=\"--smush-placeholder-width: 1024px; --smush-placeholder-aspect-ratio: 1024\/859;\" \/><\/figure>\n","protected":false},"excerpt":{"rendered":"","protected":false},"author":1,"featured_media":0,"parent":9409,"menu_order":9,"comment_status":"closed","ping_status":"closed","template":"","meta":{"footnotes":""},"class_list":["post-9803","page","type-page","status-publish","hentry"],"_links":{"self":[{"href":"https:\/\/zspolczyn.edu.pl\/index.php?rest_route=\/wp\/v2\/pages\/9803","targetHints":{"allow":["GET"]}}],"collection":[{"href":"https:\/\/zspolczyn.edu.pl\/index.php?rest_route=\/wp\/v2\/pages"}],"about":[{"href":"https:\/\/zspolczyn.edu.pl\/index.php?rest_route=\/wp\/v2\/types\/page"}],"author":[{"embeddable":true,"href":"https:\/\/zspolczyn.edu.pl\/index.php?rest_route=\/wp\/v2\/users\/1"}],"replies":[{"embeddable":true,"href":"https:\/\/zspolczyn.edu.pl\/index.php?rest_route=%2Fwp%2Fv2%2Fcomments&post=9803"}],"version-history":[{"count":2,"href":"https:\/\/zspolczyn.edu.pl\/index.php?rest_route=\/wp\/v2\/pages\/9803\/revisions"}],"predecessor-version":[{"id":9833,"href":"https:\/\/zspolczyn.edu.pl\/index.php?rest_route=\/wp\/v2\/pages\/9803\/revisions\/9833"}],"up":[{"embeddable":true,"href":"https:\/\/zspolczyn.edu.pl\/index.php?rest_route=\/wp\/v2\/pages\/9409"}],"wp:attachment":[{"href":"https:\/\/zspolczyn.edu.pl\/index.php?rest_route=%2Fwp%2Fv2%2Fmedia&parent=9803"}],"curies":[{"name":"wp","href":"https:\/\/api.w.org\/{rel}","templated":true}]}}